{"id":4530,"date":"2026-04-28T18:28:50","date_gmt":"2026-04-28T17:28:50","guid":{"rendered":"https:\/\/mobel-mews.shop\/?product=firfurd-kuchenschrank-weis-180x100x385-cm-mit-led-steckdose-arbeitsplatte-buffetschrank-mit-glasturen-3-schubladen"},"modified":"2026-04-28T23:05:31","modified_gmt":"2026-04-28T22:05:31","slug":"firfurd-kuchenschrank-weis-180x100x385-cm-mit-led-steckdose-arbeitsplatte-buffetschrank-mit-glasturen-3-schubladen","status":"publish","type":"product","link":"https:\/\/mobel-mews.shop\/?product=firfurd-kuchenschrank-weis-180x100x385-cm-mit-led-steckdose-arbeitsplatte-buffetschrank-mit-glasturen-3-schubladen","title":{"rendered":"FirFurd K\u00fcchenschrank Wei\u00df 180x100x38,5 cm mit LED, Steckdose, Arbeitsplatte, Buffetschrank mit Glast\u00fcren &#038; 3 Schubladen"},"content":{"rendered":"<p data-start=\"426\" data-end=\"811\">Der <strong data-start=\"430\" data-end=\"481\">FirFurd K\u00fcchenschrank in Wei\u00df (180x100x38,5 cm)<\/strong> ist ein vielseitiger <strong data-start=\"503\" data-end=\"538\">Buffetschrank mit Arbeitsplatte<\/strong>, ideal f\u00fcr K\u00fcche, Esszimmer oder Wohnzimmer. Ausgestattet mit <strong data-start=\"601\" data-end=\"620\">LED-Beleuchtung<\/strong> und <strong data-start=\"625\" data-end=\"673\">integrierter Steckdosenleiste (2 AC + 2 USB)<\/strong> bietet dieser Schrank eine moderne L\u00f6sung f\u00fcr <strong data-start=\"720\" data-end=\"766\">Aufbewahrung und Nutzung von K\u00fcchenger\u00e4ten<\/strong> wie Kaffeemaschine, Toaster oder Mikrowelle.<\/p>\n<h3 data-section-id=\"1lqyjtm\" data-start=\"813\" data-end=\"836\"><span role=\"text\"><strong data-start=\"819\" data-end=\"836\">Hauptmerkmale<\/strong><\/span><\/h3>\n<ul data-start=\"837\" data-end=\"1174\">\n<li data-section-id=\"5fd1qf\" data-start=\"837\" data-end=\"969\"><strong data-start=\"839\" data-end=\"882\">LED-Beleuchtung &amp; integrierte Steckdose<\/strong>: Praktische Nutzung mit <strong data-start=\"907\" data-end=\"948\">2 AC-Steckdosen und 2 USB-Anschl\u00fcssen<\/strong> f\u00fcr mehrere Ger\u00e4te<\/li>\n<li data-section-id=\"7di7ir\" data-start=\"970\" data-end=\"1063\"><strong data-start=\"972\" data-end=\"995\">Gro\u00dfe Arbeitsplatte<\/strong>: Ideal als <strong data-start=\"1007\" data-end=\"1061\">Kaffeebar, K\u00fcchenarbeitsfl\u00e4che oder Servierbereich<\/strong><\/li>\n<li data-section-id=\"1b15u2d\" data-start=\"1064\" data-end=\"1174\"><strong data-start=\"1066\" data-end=\"1085\">Gro\u00dfer Stauraum<\/strong>: Mit <strong data-start=\"1091\" data-end=\"1139\">Glast\u00fcren, 3 Schubladen und mehreren F\u00e4chern<\/strong> zur \u00fcbersichtlichen Organisation<\/li>\n<\/ul>\n<h3 data-section-id=\"zqe7q1\" data-start=\"1176\" data-end=\"1206\"><span role=\"text\"><strong data-start=\"1183\" data-end=\"1206\">Funktionales Design<\/strong><\/span><\/h3>\n<ul data-start=\"1207\" data-end=\"1531\">\n<li data-section-id=\"17n9fle\" data-start=\"1207\" data-end=\"1294\"><strong data-start=\"1209\" data-end=\"1236\">Verstellbare Regalb\u00f6den<\/strong> f\u00fcr flexible Aufbewahrung unterschiedlicher Gegenst\u00e4nde<\/li>\n<li data-section-id=\"1vo6flh\" data-start=\"1295\" data-end=\"1383\"><strong data-start=\"1297\" data-end=\"1310\">Glast\u00fcren<\/strong> zur Pr\u00e4sentation von Geschirr und Gl\u00e4sern, gleichzeitig staubgesch\u00fctzt<\/li>\n<li data-section-id=\"1qw7vvf\" data-start=\"1384\" data-end=\"1468\"><strong data-start=\"1386\" data-end=\"1442\">Sanft schlie\u00dfende T\u00fcren und leichtg\u00e4ngige Schubladen<\/strong> f\u00fcr komfortable Nutzung<\/li>\n<li data-section-id=\"1ir7yq5\" data-start=\"1469\" data-end=\"1531\"><strong data-start=\"1471\" data-end=\"1490\">R\u00fcckwand-Schutz<\/strong> verhindert Verschmutzungen an der Wand<\/li>\n<\/ul>\n<h3 data-section-id=\"9apt9x\" data-start=\"1533\" data-end=\"1566\"><span role=\"text\"><strong data-start=\"1541\" data-end=\"1566\">Material &amp; Stabilit\u00e4t<\/strong><\/span><\/h3>\n<ul data-start=\"1567\" data-end=\"1753\">\n<li data-section-id=\"33zfxl\" data-start=\"1567\" data-end=\"1635\">Gefertigt aus <strong data-start=\"1583\" data-end=\"1633\">hochwertigem Holzwerkstoff und geh\u00e4rtetem Glas<\/strong><\/li>\n<li data-section-id=\"1grr6ju\" data-start=\"1636\" data-end=\"1689\"><strong data-start=\"1638\" data-end=\"1687\">Wasserabweisende und pflegeleichte Oberfl\u00e4che<\/strong><\/li>\n<li data-section-id=\"gkfxxc\" data-start=\"1690\" data-end=\"1753\"><strong data-start=\"1692\" data-end=\"1709\">Kippsicherung<\/strong> f\u00fcr zus\u00e4tzliche Stabilit\u00e4t und Sicherheit<\/li>\n<\/ul>\n<h3 data-section-id=\"bwbl70\" data-start=\"1755\" data-end=\"1788\"><span role=\"text\"><strong data-start=\"1762\" data-end=\"1788\">Vielseitige Verwendung<\/strong><\/span><\/h3>\n<p data-start=\"1789\" data-end=\"1856\">Dieser <strong data-start=\"1796\" data-end=\"1831\">K\u00fcchenschrank mit Arbeitsplatte<\/strong> eignet sich ideal als:<\/p>\n<ul data-start=\"1857\" data-end=\"1977\">\n<li data-section-id=\"fsms2h\" data-start=\"1857\" data-end=\"1884\"><strong data-start=\"1859\" data-end=\"1882\">Buffetschrank K\u00fcche<\/strong><\/li>\n<li data-section-id=\"1c21vpv\" data-start=\"1885\" data-end=\"1913\"><strong data-start=\"1887\" data-end=\"1911\">Sideboard Wohnzimmer<\/strong><\/li>\n<li data-section-id=\"6v16fx\" data-start=\"1914\" data-end=\"1939\"><strong data-start=\"1916\" data-end=\"1937\">Kaffeebar Schrank<\/strong><\/li>\n<li data-section-id=\"ipx5yj\" data-start=\"1940\" data-end=\"1977\"><strong data-start=\"1942\" data-end=\"1975\">Vitrinenschrank mit Glast\u00fcren<\/strong><\/li>\n<\/ul>\n<h3 data-section-id=\"14lifth\" data-start=\"1979\" data-end=\"2004\"><span role=\"text\"><strong data-start=\"1986\" data-end=\"2004\">Produktdetails<\/strong><\/span><\/h3>\n<ul data-start=\"2005\" data-end=\"2218\">\n<li data-section-id=\"1q7yqz3\" data-start=\"2005\" data-end=\"2050\">Ma\u00dfe: <strong data-start=\"2013\" data-end=\"2048\">100 x 38,5 x 180 cm (B x T x H)<\/strong><\/li>\n<li data-section-id=\"njywg4\" data-start=\"2051\" data-end=\"2070\">Farbe: <strong data-start=\"2060\" data-end=\"2068\">Wei\u00df<\/strong><\/li>\n<li data-section-id=\"zr5wu6\" data-start=\"2071\" data-end=\"2108\">Material: <strong data-start=\"2083\" data-end=\"2106\">Holzwerkstoff, Glas<\/strong><\/li>\n<li data-section-id=\"1ds47kx\" data-start=\"2109\" data-end=\"2161\">T\u00fcren: <strong data-start=\"2118\" data-end=\"2123\">2<\/strong> | Schubladen: <strong data-start=\"2138\" data-end=\"2143\">3<\/strong> | Regale: <strong data-start=\"2154\" data-end=\"2159\">6<\/strong><\/li>\n<li data-section-id=\"1fd2qod\" data-start=\"2162\" data-end=\"2218\">Montage: <strong data-start=\"2173\" data-end=\"2216\">Freistehend, Selbstmontage erforderlich<\/strong><\/li>\n<\/ul>\n","protected":false},"excerpt":{"rendered":"<p>Der FirFurd K\u00fcchenschrank in Wei\u00df (180x100x38,5 cm) ist ein vielseitiger Buffetschrank mit Arbeitsplatte, ideal f\u00fcr K\u00fcche, Esszimmer oder Wohnzimmer. Ausgestattet mit LED-Beleuchtung und integrierter Steckdosenleiste (2 AC + 2 USB) bietet dieser Schrank eine moderne L\u00f6sung f\u00fcr Aufbewahrung und Nutzung von K\u00fcchenger\u00e4ten wie Kaffeemaschine, Toaster oder Mikrowelle. Hauptmerkmale LED-Beleuchtung &amp; integrierte Steckdose: Praktische Nutzung mit [&hellip;]<\/p>\n","protected":false},"featured_media":446,"comment_status":"open","ping_status":"closed","template":"","meta":[],"product_brand":[],"product_cat":[15],"product_tag":[354,355,356,357,358,359,360,361,362,363,364,365,366,367,368,369,370,371,372,373,374,375,376,377,378,379,380],"class_list":{"0":"post-4530","1":"product","2":"type-product","3":"status-publish","4":"has-post-thumbnail","6":"product_cat-uncategorized","7":"product_tag-aufbewahrungsschrank-kuche","8":"product_tag-buffetschrank-kuche","9":"product_tag-esszimmer-schrank-modern","10":"product_tag-groser-buffetschrank-weis","11":"product_tag-hochschrank-kuche-weis","12":"product_tag-kaffebar-schrank","13":"product_tag-kuchenbuffet-mit-arbeitsplatte","14":"product_tag-kuchenmobel-modern","15":"product_tag-kuchenmobel-weis-modern","16":"product_tag-kuchenschrank-100cm-breit","17":"product_tag-kuchenschrank-180cm-hoch","18":"product_tag-kuchenschrank-freistehend","19":"product_tag-kuchenschrank-holz-weis","20":"product_tag-kuchenschrank-mit-arbeitsplatte","21":"product_tag-kuchenschrank-mit-glasturen","22":"product_tag-kuchenschrank-mit-led-beleuchtung","23":"product_tag-kuchenschrank-mit-schubladen","24":"product_tag-kuchenschrank-mit-steckdose","25":"product_tag-kuchenschrank-mit-usb-anschluss","26":"product_tag-kuchenschrank-weis","27":"product_tag-moderner-kuchenschrank-gros","28":"product_tag-multifunktion-schrank-kuche","29":"product_tag-sideboard-kuche-gros","30":"product_tag-sideboard-mit-led-beleuchtung","31":"product_tag-stauraum-schrank-kuche","32":"product_tag-vitrinen-schrank-glas","33":"product_tag-wohnzimmerschrank-weis","35":"first","36":"instock","37":"taxable","38":"shipping-taxable","39":"purchasable","40":"product-type-variable","41":"has-default-attributes"},"yoast_head":"<!-- This site is optimized with the Yoast SEO plugin v27.4 - https:\/\/yoast.com\/product\/yoast-seo-wordpress\/ -->\n<title>FirFurd K\u00fcchenschrank Wei\u00df 180x100x38,5 cm mit LED, Steckdose, Arbeitsplatte, Buffetschrank mit Glast\u00fcren &amp; 3 Schubladen - mobel-mews.shop<\/title>\n<meta name=\"robots\" content=\"index, follow, max-snippet:-1, max-image-preview:large, max-video-preview:-1\" \/>\n<link rel=\"canonical\" href=\"https:\/\/mobel-mews.shop\/?product=firfurd-kuchenschrank-weis-180x100x385-cm-mit-led-steckdose-arbeitsplatte-buffetschrank-mit-glasturen-3-schubladen\" \/>\n<meta property=\"og:locale\" content=\"en_GB\" \/>\n<meta property=\"og:type\" content=\"article\" \/>\n<meta property=\"og:title\" content=\"FirFurd K\u00fcchenschrank Wei\u00df 180x100x38,5 cm mit LED, Steckdose, Arbeitsplatte, Buffetschrank mit Glast\u00fcren &amp; 3 Schubladen - mobel-mews.shop\" \/>\n<meta property=\"og:description\" content=\"Der FirFurd K\u00fcchenschrank in Wei\u00df (180x100x38,5 cm) ist ein vielseitiger Buffetschrank mit Arbeitsplatte, ideal f\u00fcr K\u00fcche, Esszimmer oder Wohnzimmer. Ausgestattet mit LED-Beleuchtung und integrierter Steckdosenleiste (2 AC + 2 USB) bietet dieser Schrank eine moderne L\u00f6sung f\u00fcr Aufbewahrung und Nutzung von K\u00fcchenger\u00e4ten wie Kaffeemaschine, Toaster oder Mikrowelle. Hauptmerkmale LED-Beleuchtung &amp; integrierte Steckdose: Praktische Nutzung mit [&hellip;]\" \/>\n<meta property=\"og:url\" content=\"https:\/\/mobel-mews.shop\/?product=firfurd-kuchenschrank-weis-180x100x385-cm-mit-led-steckdose-arbeitsplatte-buffetschrank-mit-glasturen-3-schubladen\" \/>\n<meta property=\"og:site_name\" content=\"mobel-mews.shop\" \/>\n<meta property=\"article:modified_time\" content=\"2026-04-28T22:05:31+00:00\" \/>\n<meta property=\"og:image\" content=\"https:\/\/mobel-mews.shop\/wp-content\/uploads\/2026\/04\/71Gj3LBhMuL._AC_SL1500.jpg\" \/>\n\t<meta property=\"og:image:width\" content=\"1106\" \/>\n\t<meta property=\"og:image:height\" content=\"1500\" \/>\n\t<meta property=\"og:image:type\" content=\"image\/jpeg\" \/>\n<meta name=\"twitter:card\" content=\"summary_large_image\" \/>\n<meta name=\"twitter:label1\" content=\"Estimated reading time\" \/>\n\t<meta name=\"twitter:data1\" content=\"1 minute\" \/>\n<script type=\"application\/ld+json\" class=\"yoast-schema-graph\">{\"@context\":\"https:\\\/\\\/schema.org\",\"@graph\":[{\"@type\":\"WebPage\",\"@id\":\"https:\\\/\\\/mobel-mews.shop\\\/?product=firfurd-kuchenschrank-weis-180x100x385-cm-mit-led-steckdose-arbeitsplatte-buffetschrank-mit-glasturen-3-schubladen\",\"url\":\"https:\\\/\\\/mobel-mews.shop\\\/?product=firfurd-kuchenschrank-weis-180x100x385-cm-mit-led-steckdose-arbeitsplatte-buffetschrank-mit-glasturen-3-schubladen\",\"name\":\"FirFurd K\u00fcchenschrank Wei\u00df 180x100x38,5 cm mit LED, Steckdose, Arbeitsplatte, Buffetschrank mit Glast\u00fcren & 3 Schubladen - mobel-mews.shop\",\"isPartOf\":{\"@id\":\"http:\\\/\\\/mobel-mews.shop\\\/#website\"},\"primaryImageOfPage\":{\"@id\":\"https:\\\/\\\/mobel-mews.shop\\\/?product=firfurd-kuchenschrank-weis-180x100x385-cm-mit-led-steckdose-arbeitsplatte-buffetschrank-mit-glasturen-3-schubladen#primaryimage\"},\"image\":{\"@id\":\"https:\\\/\\\/mobel-mews.shop\\\/?product=firfurd-kuchenschrank-weis-180x100x385-cm-mit-led-steckdose-arbeitsplatte-buffetschrank-mit-glasturen-3-schubladen#primaryimage\"},\"thumbnailUrl\":\"https:\\\/\\\/mobel-mews.shop\\\/wp-content\\\/uploads\\\/2026\\\/04\\\/71Gj3LBhMuL._AC_SL1500.jpg\",\"datePublished\":\"2026-04-28T17:28:50+00:00\",\"dateModified\":\"2026-04-28T22:05:31+00:00\",\"breadcrumb\":{\"@id\":\"https:\\\/\\\/mobel-mews.shop\\\/?product=firfurd-kuchenschrank-weis-180x100x385-cm-mit-led-steckdose-arbeitsplatte-buffetschrank-mit-glasturen-3-schubladen#breadcrumb\"},\"inLanguage\":\"en-GB\",\"potentialAction\":[{\"@type\":\"ReadAction\",\"target\":[\"https:\\\/\\\/mobel-mews.shop\\\/?product=firfurd-kuchenschrank-weis-180x100x385-cm-mit-led-steckdose-arbeitsplatte-buffetschrank-mit-glasturen-3-schubladen\"]}]},{\"@type\":\"ImageObject\",\"inLanguage\":\"en-GB\",\"@id\":\"https:\\\/\\\/mobel-mews.shop\\\/?product=firfurd-kuchenschrank-weis-180x100x385-cm-mit-led-steckdose-arbeitsplatte-buffetschrank-mit-glasturen-3-schubladen#primaryimage\",\"url\":\"https:\\\/\\\/mobel-mews.shop\\\/wp-content\\\/uploads\\\/2026\\\/04\\\/71Gj3LBhMuL._AC_SL1500.jpg\",\"contentUrl\":\"https:\\\/\\\/mobel-mews.shop\\\/wp-content\\\/uploads\\\/2026\\\/04\\\/71Gj3LBhMuL._AC_SL1500.jpg\",\"width\":1106,\"height\":1500},{\"@type\":\"BreadcrumbList\",\"@id\":\"https:\\\/\\\/mobel-mews.shop\\\/?product=firfurd-kuchenschrank-weis-180x100x385-cm-mit-led-steckdose-arbeitsplatte-buffetschrank-mit-glasturen-3-schubladen#breadcrumb\",\"itemListElement\":[{\"@type\":\"ListItem\",\"position\":1,\"name\":\"Home\",\"item\":\"https:\\\/\\\/mobel-mews.shop\\\/\"},{\"@type\":\"ListItem\",\"position\":2,\"name\":\"Shop\",\"item\":\"https:\\\/\\\/mobel-mews.shop\\\/?page_id=5\"},{\"@type\":\"ListItem\",\"position\":3,\"name\":\"FirFurd K\u00fcchenschrank Wei\u00df 180x100x38,5 cm mit LED, Steckdose, Arbeitsplatte, Buffetschrank mit Glast\u00fcren &#038; 3 Schubladen\"}]},{\"@type\":\"WebSite\",\"@id\":\"http:\\\/\\\/mobel-mews.shop\\\/#website\",\"url\":\"http:\\\/\\\/mobel-mews.shop\\\/\",\"name\":\"mobel-mews.shop\",\"description\":\"\",\"potentialAction\":[{\"@type\":\"SearchAction\",\"target\":{\"@type\":\"EntryPoint\",\"urlTemplate\":\"http:\\\/\\\/mobel-mews.shop\\\/?s={search_term_string}\"},\"query-input\":{\"@type\":\"PropertyValueSpecification\",\"valueRequired\":true,\"valueName\":\"search_term_string\"}}],\"inLanguage\":\"en-GB\"}]}<\/script>\n<!-- \/ Yoast SEO plugin. -->","yoast_head_json":{"title":"FirFurd K\u00fcchenschrank Wei\u00df 180x100x38,5 cm mit LED, Steckdose, Arbeitsplatte, Buffetschrank mit Glast\u00fcren & 3 Schubladen - mobel-mews.shop","robots":{"index":"index","follow":"follow","max-snippet":"max-snippet:-1","max-image-preview":"max-image-preview:large","max-video-preview":"max-video-preview:-1"},"canonical":"https:\/\/mobel-mews.shop\/?product=firfurd-kuchenschrank-weis-180x100x385-cm-mit-led-steckdose-arbeitsplatte-buffetschrank-mit-glasturen-3-schubladen","og_locale":"en_GB","og_type":"article","og_title":"FirFurd K\u00fcchenschrank Wei\u00df 180x100x38,5 cm mit LED, Steckdose, Arbeitsplatte, Buffetschrank mit Glast\u00fcren & 3 Schubladen - mobel-mews.shop","og_description":"Der FirFurd K\u00fcchenschrank in Wei\u00df (180x100x38,5 cm) ist ein vielseitiger Buffetschrank mit Arbeitsplatte, ideal f\u00fcr K\u00fcche, Esszimmer oder Wohnzimmer. Ausgestattet mit LED-Beleuchtung und integrierter Steckdosenleiste (2 AC + 2 USB) bietet dieser Schrank eine moderne L\u00f6sung f\u00fcr Aufbewahrung und Nutzung von K\u00fcchenger\u00e4ten wie Kaffeemaschine, Toaster oder Mikrowelle. Hauptmerkmale LED-Beleuchtung &amp; integrierte Steckdose: Praktische Nutzung mit [&hellip;]","og_url":"https:\/\/mobel-mews.shop\/?product=firfurd-kuchenschrank-weis-180x100x385-cm-mit-led-steckdose-arbeitsplatte-buffetschrank-mit-glasturen-3-schubladen","og_site_name":"mobel-mews.shop","article_modified_time":"2026-04-28T22:05:31+00:00","og_image":[{"width":1106,"height":1500,"url":"https:\/\/mobel-mews.shop\/wp-content\/uploads\/2026\/04\/71Gj3LBhMuL._AC_SL1500.jpg","type":"image\/jpeg"}],"twitter_card":"summary_large_image","twitter_misc":{"Estimated reading time":"1 minute"},"schema":{"@context":"https:\/\/schema.org","@graph":[{"@type":"WebPage","@id":"https:\/\/mobel-mews.shop\/?product=firfurd-kuchenschrank-weis-180x100x385-cm-mit-led-steckdose-arbeitsplatte-buffetschrank-mit-glasturen-3-schubladen","url":"https:\/\/mobel-mews.shop\/?product=firfurd-kuchenschrank-weis-180x100x385-cm-mit-led-steckdose-arbeitsplatte-buffetschrank-mit-glasturen-3-schubladen","name":"FirFurd K\u00fcchenschrank Wei\u00df 180x100x38,5 cm mit LED, Steckdose, Arbeitsplatte, Buffetschrank mit Glast\u00fcren & 3 Schubladen - mobel-mews.shop","isPartOf":{"@id":"http:\/\/mobel-mews.shop\/#website"},"primaryImageOfPage":{"@id":"https:\/\/mobel-mews.shop\/?product=firfurd-kuchenschrank-weis-180x100x385-cm-mit-led-steckdose-arbeitsplatte-buffetschrank-mit-glasturen-3-schubladen#primaryimage"},"image":{"@id":"https:\/\/mobel-mews.shop\/?product=firfurd-kuchenschrank-weis-180x100x385-cm-mit-led-steckdose-arbeitsplatte-buffetschrank-mit-glasturen-3-schubladen#primaryimage"},"thumbnailUrl":"https:\/\/mobel-mews.shop\/wp-content\/uploads\/2026\/04\/71Gj3LBhMuL._AC_SL1500.jpg","datePublished":"2026-04-28T17:28:50+00:00","dateModified":"2026-04-28T22:05:31+00:00","breadcrumb":{"@id":"https:\/\/mobel-mews.shop\/?product=firfurd-kuchenschrank-weis-180x100x385-cm-mit-led-steckdose-arbeitsplatte-buffetschrank-mit-glasturen-3-schubladen#breadcrumb"},"inLanguage":"en-GB","potentialAction":[{"@type":"ReadAction","target":["https:\/\/mobel-mews.shop\/?product=firfurd-kuchenschrank-weis-180x100x385-cm-mit-led-steckdose-arbeitsplatte-buffetschrank-mit-glasturen-3-schubladen"]}]},{"@type":"ImageObject","inLanguage":"en-GB","@id":"https:\/\/mobel-mews.shop\/?product=firfurd-kuchenschrank-weis-180x100x385-cm-mit-led-steckdose-arbeitsplatte-buffetschrank-mit-glasturen-3-schubladen#primaryimage","url":"https:\/\/mobel-mews.shop\/wp-content\/uploads\/2026\/04\/71Gj3LBhMuL._AC_SL1500.jpg","contentUrl":"https:\/\/mobel-mews.shop\/wp-content\/uploads\/2026\/04\/71Gj3LBhMuL._AC_SL1500.jpg","width":1106,"height":1500},{"@type":"BreadcrumbList","@id":"https:\/\/mobel-mews.shop\/?product=firfurd-kuchenschrank-weis-180x100x385-cm-mit-led-steckdose-arbeitsplatte-buffetschrank-mit-glasturen-3-schubladen#breadcrumb","itemListElement":[{"@type":"ListItem","position":1,"name":"Home","item":"https:\/\/mobel-mews.shop\/"},{"@type":"ListItem","position":2,"name":"Shop","item":"https:\/\/mobel-mews.shop\/?page_id=5"},{"@type":"ListItem","position":3,"name":"FirFurd K\u00fcchenschrank Wei\u00df 180x100x38,5 cm mit LED, Steckdose, Arbeitsplatte, Buffetschrank mit Glast\u00fcren &#038; 3 Schubladen"}]},{"@type":"WebSite","@id":"http:\/\/mobel-mews.shop\/#website","url":"http:\/\/mobel-mews.shop\/","name":"mobel-mews.shop","description":"","potentialAction":[{"@type":"SearchAction","target":{"@type":"EntryPoint","urlTemplate":"http:\/\/mobel-mews.shop\/?s={search_term_string}"},"query-input":{"@type":"PropertyValueSpecification","valueRequired":true,"valueName":"search_term_string"}}],"inLanguage":"en-GB"}]}},"_links":{"self":[{"href":"https:\/\/mobel-mews.shop\/index.php?rest_route=\/wp\/v2\/product\/4530","targetHints":{"allow":["GET"]}}],"collection":[{"href":"https:\/\/mobel-mews.shop\/index.php?rest_route=\/wp\/v2\/product"}],"about":[{"href":"https:\/\/mobel-mews.shop\/index.php?rest_route=\/wp\/v2\/types\/product"}],"replies":[{"embeddable":true,"href":"https:\/\/mobel-mews.shop\/index.php?rest_route=%2Fwp%2Fv2%2Fcomments&post=4530"}],"wp:featuredmedia":[{"embeddable":true,"href":"https:\/\/mobel-mews.shop\/index.php?rest_route=\/wp\/v2\/media\/446"}],"wp:attachment":[{"href":"https:\/\/mobel-mews.shop\/index.php?rest_route=%2Fwp%2Fv2%2Fmedia&parent=4530"}],"wp:term":[{"taxonomy":"product_brand","embeddable":true,"href":"https:\/\/mobel-mews.shop\/index.php?rest_route=%2Fwp%2Fv2%2Fproduct_brand&post=4530"},{"taxonomy":"product_cat","embeddable":true,"href":"https:\/\/mobel-mews.shop\/index.php?rest_route=%2Fwp%2Fv2%2Fproduct_cat&post=4530"},{"taxonomy":"product_tag","embeddable":true,"href":"https:\/\/mobel-mews.shop\/index.php?rest_route=%2Fwp%2Fv2%2Fproduct_tag&post=4530"}],"curies":[{"name":"wp","href":"https:\/\/api.w.org\/{rel}","templated":true}]}}