{"id":4499,"date":"2026-04-28T18:28:44","date_gmt":"2026-04-28T17:28:44","guid":{"rendered":"https:\/\/mobel-mews.shop\/?product=devoko-ecksofa-mit-schlaffunktion-l-form-schlafsofa-mit-bettkasten-velours-3-sitzer"},"modified":"2026-04-28T23:35:59","modified_gmt":"2026-04-28T22:35:59","slug":"devoko-ecksofa-mit-schlaffunktion-l-form-schlafsofa-mit-bettkasten-velours-3-sitzer","status":"publish","type":"product","link":"https:\/\/mobel-mews.shop\/?product=devoko-ecksofa-mit-schlaffunktion-l-form-schlafsofa-mit-bettkasten-velours-3-sitzer","title":{"rendered":"Devoko Ecksofa mit Schlaffunktion L-Form 254 CM U Schlafsofa mit Bettkasten Velours 3-Sitzer"},"content":{"rendered":"<p data-start=\"501\" data-end=\"834\"><strong data-start=\"501\" data-end=\"572\">Devoko Ecksofa mit Schlaffunktion und Bettkasten in moderner L-Form<\/strong> \u2013 vielseitiges <strong data-start=\"588\" data-end=\"611\">3-Sitzer Schlafsofa<\/strong> f\u00fcr Wohnzimmer, Wohnung oder G\u00e4stezimmer. Die integrierte <strong data-start=\"670\" data-end=\"689\">Ausziehfunktion<\/strong> verwandelt das Sofa in wenigen Sekunden in eine komfortable Liegefl\u00e4che. Ideal f\u00fcr kleine R\u00e4ume mit praktischer Nutzung als Couch und G\u00e4stebett.<\/p>\n<p data-start=\"836\" data-end=\"1138\">Die gro\u00dfz\u00fcgige Sitzfl\u00e4che mit angenehmer <strong data-start=\"877\" data-end=\"900\">Sitztiefe von 68 cm<\/strong> und <strong data-start=\"905\" data-end=\"927\">Sitzh\u00f6he von 45 cm<\/strong> sorgt f\u00fcr hohen Komfort im Alltag. Der integrierte <strong data-start=\"979\" data-end=\"1022\">Bettkasten bietet zus\u00e4tzlichen Stauraum<\/strong> f\u00fcr Decken und Kissen. Die stabile Konstruktion erm\u00f6glicht eine maximale Belastung von bis zu 120 kg pro Sitzplatz.<\/p>\n<p data-start=\"1140\" data-end=\"1394\">Das moderne Design f\u00fcgt sich harmonisch in verschiedene Einrichtungsstile ein \u2013 von modern bis klassisch. Dank variabler Auswahlm\u00f6glichkeiten ist das Sofa in unterschiedlichen Ausf\u00fchrungen erh\u00e4ltlich und l\u00e4sst sich optimal an Ihre Wohnsituation anpassen.<\/p>\n<h3 data-start=\"1396\" data-end=\"1415\">Produktdetails:<\/h3>\n<ul data-start=\"1416\" data-end=\"1679\">\n<li data-start=\"1416\" data-end=\"1462\">\n<p data-start=\"1418\" data-end=\"1462\"><strong data-start=\"1418\" data-end=\"1433\">Produkttyp:<\/strong> Ecksofa mit Schlaffunktion<\/p>\n<\/li>\n<li data-start=\"1463\" data-end=\"1483\">\n<p data-start=\"1465\" data-end=\"1483\"><strong data-start=\"1465\" data-end=\"1474\">Form:<\/strong> L-Form<\/p>\n<\/li>\n<li data-start=\"1484\" data-end=\"1525\">\n<p data-start=\"1486\" data-end=\"1525\"><strong data-start=\"1486\" data-end=\"1499\">Funktion:<\/strong> Ausziehbares Schlafsofa<\/p>\n<\/li>\n<li data-start=\"1526\" data-end=\"1561\">\n<p data-start=\"1528\" data-end=\"1561\"><strong data-start=\"1528\" data-end=\"1559\">Mit Bettkasten f\u00fcr Stauraum<\/strong><\/p>\n<\/li>\n<li data-start=\"1562\" data-end=\"1586\">\n<p data-start=\"1564\" data-end=\"1586\"><strong data-start=\"1564\" data-end=\"1578\">Sitztiefe:<\/strong> 68 cm<\/p>\n<\/li>\n<li data-start=\"1587\" data-end=\"1610\">\n<p data-start=\"1589\" data-end=\"1610\"><strong data-start=\"1589\" data-end=\"1602\">Sitzh\u00f6he:<\/strong> 45 cm<\/p>\n<\/li>\n<li data-start=\"1611\" data-end=\"1652\">\n<p data-start=\"1613\" data-end=\"1652\"><strong data-start=\"1613\" data-end=\"1628\">Gesamtma\u00dfe:<\/strong> ca. 200 x 120 x 88 cm<\/p>\n<\/li>\n<li data-start=\"1653\" data-end=\"1679\">\n<p data-start=\"1655\" data-end=\"1679\"><strong data-start=\"1655\" data-end=\"1679\">Montage erforderlich<\/strong><\/p>\n<\/li>\n<\/ul>\n<p data-start=\"1681\" data-end=\"1789\">Dieses <strong data-start=\"1688\" data-end=\"1727\">funktionale Schlafsofa mit Stauraum<\/strong> ist die ideale L\u00f6sung f\u00fcr modernes Wohnen mit Platzersparnis.<\/p>\n","protected":false},"excerpt":{"rendered":"<p>Devoko Ecksofa mit Schlaffunktion und Bettkasten in moderner L-Form \u2013 vielseitiges 3-Sitzer Schlafsofa f\u00fcr Wohnzimmer, Wohnung oder G\u00e4stezimmer. Die integrierte Ausziehfunktion verwandelt das Sofa in wenigen Sekunden in eine komfortable Liegefl\u00e4che. Ideal f\u00fcr kleine R\u00e4ume mit praktischer Nutzung als Couch und G\u00e4stebett. Die gro\u00dfz\u00fcgige Sitzfl\u00e4che mit angenehmer Sitztiefe von 68 cm und Sitzh\u00f6he von 45 [&hellip;]<\/p>\n","protected":false},"featured_media":413,"comment_status":"open","ping_status":"closed","template":"","meta":[],"product_brand":[],"product_cat":[15],"product_tag":[303,304,305,306,165,307,169,308,309,171,310,311,312,313,314,315,316,317,174,175,318,319,320,321],"class_list":{"0":"post-4499","1":"product","2":"type-product","3":"status-publish","4":"has-post-thumbnail","6":"product_cat-uncategorized","7":"product_tag-3-sitzer-sofa","8":"product_tag-ausziehbares-sofa","9":"product_tag-couch-mit-schlaffunktion","10":"product_tag-eckcouch-modern","11":"product_tag-ecksofa-mit-schlaffunktion","12":"product_tag-funktionssofa","13":"product_tag-gastebett-sofa","14":"product_tag-kleines-schlafsofa","15":"product_tag-l-form-couch","16":"product_tag-modernes-ecksofa","17":"product_tag-multifunktionssofa","18":"product_tag-platzsparendes-sofa","19":"product_tag-polstersofa-mit-bettfunktion","20":"product_tag-schlafcouch-wohnzimmer","21":"product_tag-schlafsofa-l-form","22":"product_tag-schlafsofa-mit-stauraum","23":"product_tag-sofa-fur-kleine-raume","24":"product_tag-sofa-mit-ausziehfunktion","25":"product_tag-sofa-mit-bettkasten","26":"product_tag-sofa-mit-stauraum","27":"product_tag-velours-sofa","28":"product_tag-wohnzimmer-sofa-modern","29":"product_tag-wohnzimmermobel-sofa","30":"product_tag-wohnzimmersofa-l-form","32":"first","33":"instock","34":"taxable","35":"shipping-taxable","36":"purchasable","37":"product-type-variable","38":"has-default-attributes"},"yoast_head":"<!-- This site is optimized with the Yoast SEO plugin v27.4 - https:\/\/yoast.com\/product\/yoast-seo-wordpress\/ -->\n<title>Devoko Ecksofa mit Schlaffunktion L-Form 254 CM U Schlafsofa mit Bettkasten Velours 3-Sitzer - mobel-mews.shop<\/title>\n<meta name=\"robots\" content=\"index, follow, max-snippet:-1, max-image-preview:large, max-video-preview:-1\" \/>\n<link rel=\"canonical\" href=\"https:\/\/mobel-mews.shop\/?product=devoko-ecksofa-mit-schlaffunktion-l-form-schlafsofa-mit-bettkasten-velours-3-sitzer\" \/>\n<meta property=\"og:locale\" content=\"en_GB\" \/>\n<meta property=\"og:type\" content=\"article\" \/>\n<meta property=\"og:title\" content=\"Devoko Ecksofa mit Schlaffunktion L-Form 254 CM U Schlafsofa mit Bettkasten Velours 3-Sitzer - mobel-mews.shop\" \/>\n<meta property=\"og:description\" content=\"Devoko Ecksofa mit Schlaffunktion und Bettkasten in moderner L-Form \u2013 vielseitiges 3-Sitzer Schlafsofa f\u00fcr Wohnzimmer, Wohnung oder G\u00e4stezimmer. Die integrierte Ausziehfunktion verwandelt das Sofa in wenigen Sekunden in eine komfortable Liegefl\u00e4che. Ideal f\u00fcr kleine R\u00e4ume mit praktischer Nutzung als Couch und G\u00e4stebett. Die gro\u00dfz\u00fcgige Sitzfl\u00e4che mit angenehmer Sitztiefe von 68 cm und Sitzh\u00f6he von 45 [&hellip;]\" \/>\n<meta property=\"og:url\" content=\"https:\/\/mobel-mews.shop\/?product=devoko-ecksofa-mit-schlaffunktion-l-form-schlafsofa-mit-bettkasten-velours-3-sitzer\" \/>\n<meta property=\"og:site_name\" content=\"mobel-mews.shop\" \/>\n<meta property=\"article:modified_time\" content=\"2026-04-28T22:35:59+00:00\" \/>\n<meta property=\"og:image\" content=\"https:\/\/mobel-mews.shop\/wp-content\/uploads\/2026\/04\/810hNQuAVyL._AC_SL1500.jpg\" \/>\n\t<meta property=\"og:image:width\" content=\"1500\" \/>\n\t<meta property=\"og:image:height\" content=\"1200\" \/>\n\t<meta property=\"og:image:type\" content=\"image\/jpeg\" \/>\n<meta name=\"twitter:card\" content=\"summary_large_image\" \/>\n<meta name=\"twitter:label1\" content=\"Estimated reading time\" \/>\n\t<meta name=\"twitter:data1\" content=\"1 minute\" \/>\n<script type=\"application\/ld+json\" class=\"yoast-schema-graph\">{\"@context\":\"https:\\\/\\\/schema.org\",\"@graph\":[{\"@type\":\"WebPage\",\"@id\":\"https:\\\/\\\/mobel-mews.shop\\\/?product=devoko-ecksofa-mit-schlaffunktion-l-form-schlafsofa-mit-bettkasten-velours-3-sitzer\",\"url\":\"https:\\\/\\\/mobel-mews.shop\\\/?product=devoko-ecksofa-mit-schlaffunktion-l-form-schlafsofa-mit-bettkasten-velours-3-sitzer\",\"name\":\"Devoko Ecksofa mit Schlaffunktion L-Form 254 CM U Schlafsofa mit Bettkasten Velours 3-Sitzer - mobel-mews.shop\",\"isPartOf\":{\"@id\":\"http:\\\/\\\/mobel-mews.shop\\\/#website\"},\"primaryImageOfPage\":{\"@id\":\"https:\\\/\\\/mobel-mews.shop\\\/?product=devoko-ecksofa-mit-schlaffunktion-l-form-schlafsofa-mit-bettkasten-velours-3-sitzer#primaryimage\"},\"image\":{\"@id\":\"https:\\\/\\\/mobel-mews.shop\\\/?product=devoko-ecksofa-mit-schlaffunktion-l-form-schlafsofa-mit-bettkasten-velours-3-sitzer#primaryimage\"},\"thumbnailUrl\":\"https:\\\/\\\/mobel-mews.shop\\\/wp-content\\\/uploads\\\/2026\\\/04\\\/810hNQuAVyL._AC_SL1500.jpg\",\"datePublished\":\"2026-04-28T17:28:44+00:00\",\"dateModified\":\"2026-04-28T22:35:59+00:00\",\"breadcrumb\":{\"@id\":\"https:\\\/\\\/mobel-mews.shop\\\/?product=devoko-ecksofa-mit-schlaffunktion-l-form-schlafsofa-mit-bettkasten-velours-3-sitzer#breadcrumb\"},\"inLanguage\":\"en-GB\",\"potentialAction\":[{\"@type\":\"ReadAction\",\"target\":[\"https:\\\/\\\/mobel-mews.shop\\\/?product=devoko-ecksofa-mit-schlaffunktion-l-form-schlafsofa-mit-bettkasten-velours-3-sitzer\"]}]},{\"@type\":\"ImageObject\",\"inLanguage\":\"en-GB\",\"@id\":\"https:\\\/\\\/mobel-mews.shop\\\/?product=devoko-ecksofa-mit-schlaffunktion-l-form-schlafsofa-mit-bettkasten-velours-3-sitzer#primaryimage\",\"url\":\"https:\\\/\\\/mobel-mews.shop\\\/wp-content\\\/uploads\\\/2026\\\/04\\\/810hNQuAVyL._AC_SL1500.jpg\",\"contentUrl\":\"https:\\\/\\\/mobel-mews.shop\\\/wp-content\\\/uploads\\\/2026\\\/04\\\/810hNQuAVyL._AC_SL1500.jpg\",\"width\":1500,\"height\":1200},{\"@type\":\"BreadcrumbList\",\"@id\":\"https:\\\/\\\/mobel-mews.shop\\\/?product=devoko-ecksofa-mit-schlaffunktion-l-form-schlafsofa-mit-bettkasten-velours-3-sitzer#breadcrumb\",\"itemListElement\":[{\"@type\":\"ListItem\",\"position\":1,\"name\":\"Home\",\"item\":\"https:\\\/\\\/mobel-mews.shop\\\/\"},{\"@type\":\"ListItem\",\"position\":2,\"name\":\"Shop\",\"item\":\"https:\\\/\\\/mobel-mews.shop\\\/?page_id=5\"},{\"@type\":\"ListItem\",\"position\":3,\"name\":\"Devoko Ecksofa mit Schlaffunktion L-Form 254 CM U Schlafsofa mit Bettkasten Velours 3-Sitzer\"}]},{\"@type\":\"WebSite\",\"@id\":\"http:\\\/\\\/mobel-mews.shop\\\/#website\",\"url\":\"http:\\\/\\\/mobel-mews.shop\\\/\",\"name\":\"mobel-mews.shop\",\"description\":\"\",\"potentialAction\":[{\"@type\":\"SearchAction\",\"target\":{\"@type\":\"EntryPoint\",\"urlTemplate\":\"http:\\\/\\\/mobel-mews.shop\\\/?s={search_term_string}\"},\"query-input\":{\"@type\":\"PropertyValueSpecification\",\"valueRequired\":true,\"valueName\":\"search_term_string\"}}],\"inLanguage\":\"en-GB\"}]}<\/script>\n<!-- \/ Yoast SEO plugin. -->","yoast_head_json":{"title":"Devoko Ecksofa mit Schlaffunktion L-Form 254 CM U Schlafsofa mit Bettkasten Velours 3-Sitzer - mobel-mews.shop","robots":{"index":"index","follow":"follow","max-snippet":"max-snippet:-1","max-image-preview":"max-image-preview:large","max-video-preview":"max-video-preview:-1"},"canonical":"https:\/\/mobel-mews.shop\/?product=devoko-ecksofa-mit-schlaffunktion-l-form-schlafsofa-mit-bettkasten-velours-3-sitzer","og_locale":"en_GB","og_type":"article","og_title":"Devoko Ecksofa mit Schlaffunktion L-Form 254 CM U Schlafsofa mit Bettkasten Velours 3-Sitzer - mobel-mews.shop","og_description":"Devoko Ecksofa mit Schlaffunktion und Bettkasten in moderner L-Form \u2013 vielseitiges 3-Sitzer Schlafsofa f\u00fcr Wohnzimmer, Wohnung oder G\u00e4stezimmer. Die integrierte Ausziehfunktion verwandelt das Sofa in wenigen Sekunden in eine komfortable Liegefl\u00e4che. Ideal f\u00fcr kleine R\u00e4ume mit praktischer Nutzung als Couch und G\u00e4stebett. Die gro\u00dfz\u00fcgige Sitzfl\u00e4che mit angenehmer Sitztiefe von 68 cm und Sitzh\u00f6he von 45 [&hellip;]","og_url":"https:\/\/mobel-mews.shop\/?product=devoko-ecksofa-mit-schlaffunktion-l-form-schlafsofa-mit-bettkasten-velours-3-sitzer","og_site_name":"mobel-mews.shop","article_modified_time":"2026-04-28T22:35:59+00:00","og_image":[{"width":1500,"height":1200,"url":"https:\/\/mobel-mews.shop\/wp-content\/uploads\/2026\/04\/810hNQuAVyL._AC_SL1500.jpg","type":"image\/jpeg"}],"twitter_card":"summary_large_image","twitter_misc":{"Estimated reading time":"1 minute"},"schema":{"@context":"https:\/\/schema.org","@graph":[{"@type":"WebPage","@id":"https:\/\/mobel-mews.shop\/?product=devoko-ecksofa-mit-schlaffunktion-l-form-schlafsofa-mit-bettkasten-velours-3-sitzer","url":"https:\/\/mobel-mews.shop\/?product=devoko-ecksofa-mit-schlaffunktion-l-form-schlafsofa-mit-bettkasten-velours-3-sitzer","name":"Devoko Ecksofa mit Schlaffunktion L-Form 254 CM U Schlafsofa mit Bettkasten Velours 3-Sitzer - mobel-mews.shop","isPartOf":{"@id":"http:\/\/mobel-mews.shop\/#website"},"primaryImageOfPage":{"@id":"https:\/\/mobel-mews.shop\/?product=devoko-ecksofa-mit-schlaffunktion-l-form-schlafsofa-mit-bettkasten-velours-3-sitzer#primaryimage"},"image":{"@id":"https:\/\/mobel-mews.shop\/?product=devoko-ecksofa-mit-schlaffunktion-l-form-schlafsofa-mit-bettkasten-velours-3-sitzer#primaryimage"},"thumbnailUrl":"https:\/\/mobel-mews.shop\/wp-content\/uploads\/2026\/04\/810hNQuAVyL._AC_SL1500.jpg","datePublished":"2026-04-28T17:28:44+00:00","dateModified":"2026-04-28T22:35:59+00:00","breadcrumb":{"@id":"https:\/\/mobel-mews.shop\/?product=devoko-ecksofa-mit-schlaffunktion-l-form-schlafsofa-mit-bettkasten-velours-3-sitzer#breadcrumb"},"inLanguage":"en-GB","potentialAction":[{"@type":"ReadAction","target":["https:\/\/mobel-mews.shop\/?product=devoko-ecksofa-mit-schlaffunktion-l-form-schlafsofa-mit-bettkasten-velours-3-sitzer"]}]},{"@type":"ImageObject","inLanguage":"en-GB","@id":"https:\/\/mobel-mews.shop\/?product=devoko-ecksofa-mit-schlaffunktion-l-form-schlafsofa-mit-bettkasten-velours-3-sitzer#primaryimage","url":"https:\/\/mobel-mews.shop\/wp-content\/uploads\/2026\/04\/810hNQuAVyL._AC_SL1500.jpg","contentUrl":"https:\/\/mobel-mews.shop\/wp-content\/uploads\/2026\/04\/810hNQuAVyL._AC_SL1500.jpg","width":1500,"height":1200},{"@type":"BreadcrumbList","@id":"https:\/\/mobel-mews.shop\/?product=devoko-ecksofa-mit-schlaffunktion-l-form-schlafsofa-mit-bettkasten-velours-3-sitzer#breadcrumb","itemListElement":[{"@type":"ListItem","position":1,"name":"Home","item":"https:\/\/mobel-mews.shop\/"},{"@type":"ListItem","position":2,"name":"Shop","item":"https:\/\/mobel-mews.shop\/?page_id=5"},{"@type":"ListItem","position":3,"name":"Devoko Ecksofa mit Schlaffunktion L-Form 254 CM U Schlafsofa mit Bettkasten Velours 3-Sitzer"}]},{"@type":"WebSite","@id":"http:\/\/mobel-mews.shop\/#website","url":"http:\/\/mobel-mews.shop\/","name":"mobel-mews.shop","description":"","potentialAction":[{"@type":"SearchAction","target":{"@type":"EntryPoint","urlTemplate":"http:\/\/mobel-mews.shop\/?s={search_term_string}"},"query-input":{"@type":"PropertyValueSpecification","valueRequired":true,"valueName":"search_term_string"}}],"inLanguage":"en-GB"}]}},"_links":{"self":[{"href":"https:\/\/mobel-mews.shop\/index.php?rest_route=\/wp\/v2\/product\/4499","targetHints":{"allow":["GET"]}}],"collection":[{"href":"https:\/\/mobel-mews.shop\/index.php?rest_route=\/wp\/v2\/product"}],"about":[{"href":"https:\/\/mobel-mews.shop\/index.php?rest_route=\/wp\/v2\/types\/product"}],"replies":[{"embeddable":true,"href":"https:\/\/mobel-mews.shop\/index.php?rest_route=%2Fwp%2Fv2%2Fcomments&post=4499"}],"wp:featuredmedia":[{"embeddable":true,"href":"https:\/\/mobel-mews.shop\/index.php?rest_route=\/wp\/v2\/media\/413"}],"wp:attachment":[{"href":"https:\/\/mobel-mews.shop\/index.php?rest_route=%2Fwp%2Fv2%2Fmedia&parent=4499"}],"wp:term":[{"taxonomy":"product_brand","embeddable":true,"href":"https:\/\/mobel-mews.shop\/index.php?rest_route=%2Fwp%2Fv2%2Fproduct_brand&post=4499"},{"taxonomy":"product_cat","embeddable":true,"href":"https:\/\/mobel-mews.shop\/index.php?rest_route=%2Fwp%2Fv2%2Fproduct_cat&post=4499"},{"taxonomy":"product_tag","embeddable":true,"href":"https:\/\/mobel-mews.shop\/index.php?rest_route=%2Fwp%2Fv2%2Fproduct_tag&post=4499"}],"curies":[{"name":"wp","href":"https:\/\/api.w.org\/{rel}","templated":true}]}}