{"id":4457,"date":"2026-04-28T18:28:36","date_gmt":"2026-04-28T17:28:36","guid":{"rendered":"https:\/\/mobel-mews.shop\/?product=mirjan24-torezio-bis-ecksofa-u-form-mit-schlaffunktion-und-bettkasten-verstellbare-kopfstutzen"},"modified":"2026-04-29T00:54:51","modified_gmt":"2026-04-28T23:54:51","slug":"mirjan24-torezio-bis-ecksofa-u-form-mit-schlaffunktion-und-bettkasten-verstellbare-kopfstutzen","status":"publish","type":"product","link":"https:\/\/mobel-mews.shop\/?product=mirjan24-torezio-bis-ecksofa-u-form-mit-schlaffunktion-und-bettkasten-verstellbare-kopfstutzen","title":{"rendered":"Mirjan24 Torezio Bis Ecksofa U-Form mit Schlaffunktion und Bettkasten, verstellbare Kopfst\u00fctzen"},"content":{"rendered":"<p data-start=\"381\" data-end=\"777\"><strong data-start=\"381\" data-end=\"457\">Mirjan24 Torezio Bis Ecksofa in U-Form mit Schlaffunktion und Bettkasten<\/strong> ist eine moderne Wohnlandschaft f\u00fcr gro\u00dfz\u00fcgige Wohnzimmer. Dieses <strong data-start=\"524\" data-end=\"554\">Ecksofa mit Schlaffunktion<\/strong> bietet viel Sitzfl\u00e4che f\u00fcr bis zu 5 Personen und l\u00e4sst sich schnell in eine komfortable <strong data-start=\"643\" data-end=\"678\">Schlaffl\u00e4che (ca. 268 x 124 cm)<\/strong> verwandeln. Dank integriertem <strong data-start=\"709\" data-end=\"723\">Bettkasten<\/strong> entsteht zus\u00e4tzlicher Stauraum f\u00fcr Decken und Kissen.<\/p>\n<p data-start=\"779\" data-end=\"1001\">Die <strong data-start=\"783\" data-end=\"812\">verstellbaren Kopfst\u00fctzen<\/strong> sorgen f\u00fcr individuellen Sitzkomfort beim Fernsehen oder Entspannen. Durch den vollst\u00e4ndig bezogenen R\u00fccken ist das Sofa <strong data-start=\"934\" data-end=\"959\">frei im Raum stellbar<\/strong> und flexibel im Wohnkonzept integrierbar.<\/p>\n<h3 data-start=\"1003\" data-end=\"1022\">Produktdetails:<\/h3>\n<ul data-start=\"1024\" data-end=\"1459\">\n<li data-start=\"1024\" data-end=\"1068\">\n<p data-start=\"1026\" data-end=\"1068\"><strong data-start=\"1026\" data-end=\"1034\">Typ:<\/strong> U-Form Ecksofa mit Bettfunktion<\/p>\n<\/li>\n<li data-start=\"1069\" data-end=\"1113\">\n<p data-start=\"1071\" data-end=\"1113\"><strong data-start=\"1071\" data-end=\"1084\">Funktion:<\/strong> Ausziehbare Schlaffunktion<\/p>\n<\/li>\n<li data-start=\"1114\" data-end=\"1152\">\n<p data-start=\"1116\" data-end=\"1152\"><strong data-start=\"1116\" data-end=\"1133\">Schlaffl\u00e4che:<\/strong> ca. 268 x 124 cm<\/p>\n<\/li>\n<li data-start=\"1153\" data-end=\"1180\">\n<p data-start=\"1155\" data-end=\"1180\"><strong data-start=\"1155\" data-end=\"1168\">Sitzh\u00f6he:<\/strong> ca. 44 cm<\/p>\n<\/li>\n<li data-start=\"1181\" data-end=\"1209\">\n<p data-start=\"1183\" data-end=\"1209\"><strong data-start=\"1183\" data-end=\"1197\">Sitztiefe:<\/strong> ca. 58 cm<\/p>\n<\/li>\n<li data-start=\"1210\" data-end=\"1258\">\n<p data-start=\"1212\" data-end=\"1258\"><strong data-start=\"1212\" data-end=\"1234\">Gesamtabmessungen:<\/strong> ca. 346 x 203 x 90 cm<\/p>\n<\/li>\n<li data-start=\"1259\" data-end=\"1313\">\n<p data-start=\"1261\" data-end=\"1313\"><strong data-start=\"1261\" data-end=\"1274\">Material:<\/strong> Holzunterkonstruktion mit Polsterung<\/p>\n<\/li>\n<li data-start=\"1314\" data-end=\"1355\">\n<p data-start=\"1316\" data-end=\"1355\"><strong data-start=\"1316\" data-end=\"1332\">Kopfst\u00fctzen:<\/strong> Mehrfach verstellbar<\/p>\n<\/li>\n<li data-start=\"1356\" data-end=\"1406\">\n<p data-start=\"1358\" data-end=\"1406\"><strong data-start=\"1358\" data-end=\"1369\">R\u00fccken:<\/strong> Echt bezogen (freistehend nutzbar)<\/p>\n<\/li>\n<li data-start=\"1407\" data-end=\"1459\">\n<p data-start=\"1409\" data-end=\"1459\"><strong data-start=\"1409\" data-end=\"1421\">Montage:<\/strong> Einfache Selbstmontage erforderlich<\/p>\n<\/li>\n<\/ul>\n<p data-start=\"1461\" data-end=\"1650\">Das <strong data-start=\"1465\" data-end=\"1488\">Torezio Bis Ecksofa<\/strong> kombiniert modernes Design mit praktischer Alltagstauglichkeit. Ideal als <strong data-start=\"1563\" data-end=\"1600\">Wohnlandschaft mit Schlaffunktion<\/strong>, <strong data-start=\"1602\" data-end=\"1615\">G\u00e4stebett<\/strong>, oder komfortables Familiensofa.<\/p>\n<p data-start=\"1652\" data-end=\"1746\">Erh\u00e4ltlich in verschiedenen Farben und Ausf\u00fchrungen \u2013 passend zu unterschiedlichen Wohnstilen.<\/p>\n","protected":false},"excerpt":{"rendered":"<p>Mirjan24 Torezio Bis Ecksofa in U-Form mit Schlaffunktion und Bettkasten ist eine moderne Wohnlandschaft f\u00fcr gro\u00dfz\u00fcgige Wohnzimmer. Dieses Ecksofa mit Schlaffunktion bietet viel Sitzfl\u00e4che f\u00fcr bis zu 5 Personen und l\u00e4sst sich schnell in eine komfortable Schlaffl\u00e4che (ca. 268 x 124 cm) verwandeln. Dank integriertem Bettkasten entsteht zus\u00e4tzlicher Stauraum f\u00fcr Decken und Kissen. Die verstellbaren [&hellip;]<\/p>\n","protected":false},"featured_media":366,"comment_status":"open","ping_status":"closed","template":"","meta":[],"product_brand":[],"product_cat":[15],"product_tag":[162,163,164,165,166,167,169,168,170,171,172,173,174,175,176,177,178,179,180,181,182,183],"class_list":{"0":"post-4457","1":"product","2":"type-product","3":"status-publish","4":"has-post-thumbnail","6":"product_cat-uncategorized","7":"product_tag-couch-mit-schlafflache","8":"product_tag-design-eckcouch","9":"product_tag-eckcouch-wohnzimmer","10":"product_tag-ecksofa-mit-schlaffunktion","11":"product_tag-familien-sofa-gros","12":"product_tag-freistehendes-ecksofa","13":"product_tag-gastebett-sofa","14":"product_tag-groses-sofa-5-sitzer","15":"product_tag-mirjan24-ecksofa","16":"product_tag-modernes-ecksofa","17":"product_tag-polsterecke-mit-bettfunktion","18":"product_tag-schlafsofa-u-form","19":"product_tag-sofa-mit-bettkasten","20":"product_tag-sofa-mit-stauraum","21":"product_tag-sofa-mit-verstellbaren-kopfstutzen","22":"product_tag-torezio-bis-sofa","23":"product_tag-u-form-couch","24":"product_tag-u-sofa-mit-bettfunktion","25":"product_tag-wohnlandschaft-modern","26":"product_tag-wohnlandschaft-u-form","27":"product_tag-wohnzimmermobel-modern","28":"product_tag-xxl-ecksofa","30":"first","31":"instock","32":"taxable","33":"shipping-taxable","34":"purchasable","35":"product-type-variable","36":"has-default-attributes"},"yoast_head":"<!-- This site is optimized with the Yoast SEO plugin v27.4 - https:\/\/yoast.com\/product\/yoast-seo-wordpress\/ -->\n<title>Mirjan24 Torezio Bis Ecksofa U-Form mit Schlaffunktion und Bettkasten, verstellbare Kopfst\u00fctzen - mobel-mews.shop<\/title>\n<meta name=\"robots\" content=\"index, follow, max-snippet:-1, max-image-preview:large, max-video-preview:-1\" \/>\n<link rel=\"canonical\" href=\"https:\/\/mobel-mews.shop\/?product=mirjan24-torezio-bis-ecksofa-u-form-mit-schlaffunktion-und-bettkasten-verstellbare-kopfstutzen\" \/>\n<meta property=\"og:locale\" content=\"en_GB\" \/>\n<meta property=\"og:type\" content=\"article\" \/>\n<meta property=\"og:title\" content=\"Mirjan24 Torezio Bis Ecksofa U-Form mit Schlaffunktion und Bettkasten, verstellbare Kopfst\u00fctzen - mobel-mews.shop\" \/>\n<meta property=\"og:description\" content=\"Mirjan24 Torezio Bis Ecksofa in U-Form mit Schlaffunktion und Bettkasten ist eine moderne Wohnlandschaft f\u00fcr gro\u00dfz\u00fcgige Wohnzimmer. Dieses Ecksofa mit Schlaffunktion bietet viel Sitzfl\u00e4che f\u00fcr bis zu 5 Personen und l\u00e4sst sich schnell in eine komfortable Schlaffl\u00e4che (ca. 268 x 124 cm) verwandeln. Dank integriertem Bettkasten entsteht zus\u00e4tzlicher Stauraum f\u00fcr Decken und Kissen. Die verstellbaren [&hellip;]\" \/>\n<meta property=\"og:url\" content=\"https:\/\/mobel-mews.shop\/?product=mirjan24-torezio-bis-ecksofa-u-form-mit-schlaffunktion-und-bettkasten-verstellbare-kopfstutzen\" \/>\n<meta property=\"og:site_name\" content=\"mobel-mews.shop\" \/>\n<meta property=\"article:modified_time\" content=\"2026-04-28T23:54:51+00:00\" \/>\n<meta property=\"og:image\" content=\"https:\/\/mobel-mews.shop\/wp-content\/uploads\/2026\/04\/71Kqyj46LcL._AC_SL1500.jpg\" \/>\n\t<meta property=\"og:image:width\" content=\"1500\" \/>\n\t<meta property=\"og:image:height\" content=\"441\" \/>\n\t<meta property=\"og:image:type\" content=\"image\/jpeg\" \/>\n<meta name=\"twitter:card\" content=\"summary_large_image\" \/>\n<meta name=\"twitter:label1\" content=\"Estimated reading time\" \/>\n\t<meta name=\"twitter:data1\" content=\"1 minute\" \/>\n<script type=\"application\/ld+json\" class=\"yoast-schema-graph\">{\"@context\":\"https:\\\/\\\/schema.org\",\"@graph\":[{\"@type\":\"WebPage\",\"@id\":\"https:\\\/\\\/mobel-mews.shop\\\/?product=mirjan24-torezio-bis-ecksofa-u-form-mit-schlaffunktion-und-bettkasten-verstellbare-kopfstutzen\",\"url\":\"https:\\\/\\\/mobel-mews.shop\\\/?product=mirjan24-torezio-bis-ecksofa-u-form-mit-schlaffunktion-und-bettkasten-verstellbare-kopfstutzen\",\"name\":\"Mirjan24 Torezio Bis Ecksofa U-Form mit Schlaffunktion und Bettkasten, verstellbare Kopfst\u00fctzen - mobel-mews.shop\",\"isPartOf\":{\"@id\":\"http:\\\/\\\/mobel-mews.shop\\\/#website\"},\"primaryImageOfPage\":{\"@id\":\"https:\\\/\\\/mobel-mews.shop\\\/?product=mirjan24-torezio-bis-ecksofa-u-form-mit-schlaffunktion-und-bettkasten-verstellbare-kopfstutzen#primaryimage\"},\"image\":{\"@id\":\"https:\\\/\\\/mobel-mews.shop\\\/?product=mirjan24-torezio-bis-ecksofa-u-form-mit-schlaffunktion-und-bettkasten-verstellbare-kopfstutzen#primaryimage\"},\"thumbnailUrl\":\"https:\\\/\\\/mobel-mews.shop\\\/wp-content\\\/uploads\\\/2026\\\/04\\\/71Kqyj46LcL._AC_SL1500.jpg\",\"datePublished\":\"2026-04-28T17:28:36+00:00\",\"dateModified\":\"2026-04-28T23:54:51+00:00\",\"breadcrumb\":{\"@id\":\"https:\\\/\\\/mobel-mews.shop\\\/?product=mirjan24-torezio-bis-ecksofa-u-form-mit-schlaffunktion-und-bettkasten-verstellbare-kopfstutzen#breadcrumb\"},\"inLanguage\":\"en-GB\",\"potentialAction\":[{\"@type\":\"ReadAction\",\"target\":[\"https:\\\/\\\/mobel-mews.shop\\\/?product=mirjan24-torezio-bis-ecksofa-u-form-mit-schlaffunktion-und-bettkasten-verstellbare-kopfstutzen\"]}]},{\"@type\":\"ImageObject\",\"inLanguage\":\"en-GB\",\"@id\":\"https:\\\/\\\/mobel-mews.shop\\\/?product=mirjan24-torezio-bis-ecksofa-u-form-mit-schlaffunktion-und-bettkasten-verstellbare-kopfstutzen#primaryimage\",\"url\":\"https:\\\/\\\/mobel-mews.shop\\\/wp-content\\\/uploads\\\/2026\\\/04\\\/71Kqyj46LcL._AC_SL1500.jpg\",\"contentUrl\":\"https:\\\/\\\/mobel-mews.shop\\\/wp-content\\\/uploads\\\/2026\\\/04\\\/71Kqyj46LcL._AC_SL1500.jpg\",\"width\":1500,\"height\":441},{\"@type\":\"BreadcrumbList\",\"@id\":\"https:\\\/\\\/mobel-mews.shop\\\/?product=mirjan24-torezio-bis-ecksofa-u-form-mit-schlaffunktion-und-bettkasten-verstellbare-kopfstutzen#breadcrumb\",\"itemListElement\":[{\"@type\":\"ListItem\",\"position\":1,\"name\":\"Home\",\"item\":\"https:\\\/\\\/mobel-mews.shop\\\/\"},{\"@type\":\"ListItem\",\"position\":2,\"name\":\"Shop\",\"item\":\"https:\\\/\\\/mobel-mews.shop\\\/?page_id=5\"},{\"@type\":\"ListItem\",\"position\":3,\"name\":\"Mirjan24 Torezio Bis Ecksofa U-Form mit Schlaffunktion und Bettkasten, verstellbare Kopfst\u00fctzen\"}]},{\"@type\":\"WebSite\",\"@id\":\"http:\\\/\\\/mobel-mews.shop\\\/#website\",\"url\":\"http:\\\/\\\/mobel-mews.shop\\\/\",\"name\":\"mobel-mews.shop\",\"description\":\"\",\"potentialAction\":[{\"@type\":\"SearchAction\",\"target\":{\"@type\":\"EntryPoint\",\"urlTemplate\":\"http:\\\/\\\/mobel-mews.shop\\\/?s={search_term_string}\"},\"query-input\":{\"@type\":\"PropertyValueSpecification\",\"valueRequired\":true,\"valueName\":\"search_term_string\"}}],\"inLanguage\":\"en-GB\"}]}<\/script>\n<!-- \/ Yoast SEO plugin. -->","yoast_head_json":{"title":"Mirjan24 Torezio Bis Ecksofa U-Form mit Schlaffunktion und Bettkasten, verstellbare Kopfst\u00fctzen - mobel-mews.shop","robots":{"index":"index","follow":"follow","max-snippet":"max-snippet:-1","max-image-preview":"max-image-preview:large","max-video-preview":"max-video-preview:-1"},"canonical":"https:\/\/mobel-mews.shop\/?product=mirjan24-torezio-bis-ecksofa-u-form-mit-schlaffunktion-und-bettkasten-verstellbare-kopfstutzen","og_locale":"en_GB","og_type":"article","og_title":"Mirjan24 Torezio Bis Ecksofa U-Form mit Schlaffunktion und Bettkasten, verstellbare Kopfst\u00fctzen - mobel-mews.shop","og_description":"Mirjan24 Torezio Bis Ecksofa in U-Form mit Schlaffunktion und Bettkasten ist eine moderne Wohnlandschaft f\u00fcr gro\u00dfz\u00fcgige Wohnzimmer. Dieses Ecksofa mit Schlaffunktion bietet viel Sitzfl\u00e4che f\u00fcr bis zu 5 Personen und l\u00e4sst sich schnell in eine komfortable Schlaffl\u00e4che (ca. 268 x 124 cm) verwandeln. Dank integriertem Bettkasten entsteht zus\u00e4tzlicher Stauraum f\u00fcr Decken und Kissen. Die verstellbaren [&hellip;]","og_url":"https:\/\/mobel-mews.shop\/?product=mirjan24-torezio-bis-ecksofa-u-form-mit-schlaffunktion-und-bettkasten-verstellbare-kopfstutzen","og_site_name":"mobel-mews.shop","article_modified_time":"2026-04-28T23:54:51+00:00","og_image":[{"width":1500,"height":441,"url":"https:\/\/mobel-mews.shop\/wp-content\/uploads\/2026\/04\/71Kqyj46LcL._AC_SL1500.jpg","type":"image\/jpeg"}],"twitter_card":"summary_large_image","twitter_misc":{"Estimated reading time":"1 minute"},"schema":{"@context":"https:\/\/schema.org","@graph":[{"@type":"WebPage","@id":"https:\/\/mobel-mews.shop\/?product=mirjan24-torezio-bis-ecksofa-u-form-mit-schlaffunktion-und-bettkasten-verstellbare-kopfstutzen","url":"https:\/\/mobel-mews.shop\/?product=mirjan24-torezio-bis-ecksofa-u-form-mit-schlaffunktion-und-bettkasten-verstellbare-kopfstutzen","name":"Mirjan24 Torezio Bis Ecksofa U-Form mit Schlaffunktion und Bettkasten, verstellbare Kopfst\u00fctzen - mobel-mews.shop","isPartOf":{"@id":"http:\/\/mobel-mews.shop\/#website"},"primaryImageOfPage":{"@id":"https:\/\/mobel-mews.shop\/?product=mirjan24-torezio-bis-ecksofa-u-form-mit-schlaffunktion-und-bettkasten-verstellbare-kopfstutzen#primaryimage"},"image":{"@id":"https:\/\/mobel-mews.shop\/?product=mirjan24-torezio-bis-ecksofa-u-form-mit-schlaffunktion-und-bettkasten-verstellbare-kopfstutzen#primaryimage"},"thumbnailUrl":"https:\/\/mobel-mews.shop\/wp-content\/uploads\/2026\/04\/71Kqyj46LcL._AC_SL1500.jpg","datePublished":"2026-04-28T17:28:36+00:00","dateModified":"2026-04-28T23:54:51+00:00","breadcrumb":{"@id":"https:\/\/mobel-mews.shop\/?product=mirjan24-torezio-bis-ecksofa-u-form-mit-schlaffunktion-und-bettkasten-verstellbare-kopfstutzen#breadcrumb"},"inLanguage":"en-GB","potentialAction":[{"@type":"ReadAction","target":["https:\/\/mobel-mews.shop\/?product=mirjan24-torezio-bis-ecksofa-u-form-mit-schlaffunktion-und-bettkasten-verstellbare-kopfstutzen"]}]},{"@type":"ImageObject","inLanguage":"en-GB","@id":"https:\/\/mobel-mews.shop\/?product=mirjan24-torezio-bis-ecksofa-u-form-mit-schlaffunktion-und-bettkasten-verstellbare-kopfstutzen#primaryimage","url":"https:\/\/mobel-mews.shop\/wp-content\/uploads\/2026\/04\/71Kqyj46LcL._AC_SL1500.jpg","contentUrl":"https:\/\/mobel-mews.shop\/wp-content\/uploads\/2026\/04\/71Kqyj46LcL._AC_SL1500.jpg","width":1500,"height":441},{"@type":"BreadcrumbList","@id":"https:\/\/mobel-mews.shop\/?product=mirjan24-torezio-bis-ecksofa-u-form-mit-schlaffunktion-und-bettkasten-verstellbare-kopfstutzen#breadcrumb","itemListElement":[{"@type":"ListItem","position":1,"name":"Home","item":"https:\/\/mobel-mews.shop\/"},{"@type":"ListItem","position":2,"name":"Shop","item":"https:\/\/mobel-mews.shop\/?page_id=5"},{"@type":"ListItem","position":3,"name":"Mirjan24 Torezio Bis Ecksofa U-Form mit Schlaffunktion und Bettkasten, verstellbare Kopfst\u00fctzen"}]},{"@type":"WebSite","@id":"http:\/\/mobel-mews.shop\/#website","url":"http:\/\/mobel-mews.shop\/","name":"mobel-mews.shop","description":"","potentialAction":[{"@type":"SearchAction","target":{"@type":"EntryPoint","urlTemplate":"http:\/\/mobel-mews.shop\/?s={search_term_string}"},"query-input":{"@type":"PropertyValueSpecification","valueRequired":true,"valueName":"search_term_string"}}],"inLanguage":"en-GB"}]}},"_links":{"self":[{"href":"https:\/\/mobel-mews.shop\/index.php?rest_route=\/wp\/v2\/product\/4457","targetHints":{"allow":["GET"]}}],"collection":[{"href":"https:\/\/mobel-mews.shop\/index.php?rest_route=\/wp\/v2\/product"}],"about":[{"href":"https:\/\/mobel-mews.shop\/index.php?rest_route=\/wp\/v2\/types\/product"}],"replies":[{"embeddable":true,"href":"https:\/\/mobel-mews.shop\/index.php?rest_route=%2Fwp%2Fv2%2Fcomments&post=4457"}],"wp:featuredmedia":[{"embeddable":true,"href":"https:\/\/mobel-mews.shop\/index.php?rest_route=\/wp\/v2\/media\/366"}],"wp:attachment":[{"href":"https:\/\/mobel-mews.shop\/index.php?rest_route=%2Fwp%2Fv2%2Fmedia&parent=4457"}],"wp:term":[{"taxonomy":"product_brand","embeddable":true,"href":"https:\/\/mobel-mews.shop\/index.php?rest_route=%2Fwp%2Fv2%2Fproduct_brand&post=4457"},{"taxonomy":"product_cat","embeddable":true,"href":"https:\/\/mobel-mews.shop\/index.php?rest_route=%2Fwp%2Fv2%2Fproduct_cat&post=4457"},{"taxonomy":"product_tag","embeddable":true,"href":"https:\/\/mobel-mews.shop\/index.php?rest_route=%2Fwp%2Fv2%2Fproduct_tag&post=4457"}],"curies":[{"name":"wp","href":"https:\/\/api.w.org\/{rel}","templated":true}]}}