{"id":4227,"date":"2026-04-28T18:28:04","date_gmt":"2026-04-28T17:28:04","guid":{"rendered":"https:\/\/mobel-mews.shop\/?product=mirjan24-ferulk-ecksofa-mit-schlaffunktion-und-bettkasten-l-form-schlafsofa-4-sitzer-wohnzimmer-couch-modern"},"modified":"2026-04-29T02:35:08","modified_gmt":"2026-04-29T01:35:08","slug":"mirjan24-ferulk-ecksofa-mit-schlaffunktion-und-bettkasten-l-form-schlafsofa-4-sitzer-wohnzimmer-couch-modern","status":"publish","type":"product","link":"https:\/\/mobel-mews.shop\/?product=mirjan24-ferulk-ecksofa-mit-schlaffunktion-und-bettkasten-l-form-schlafsofa-4-sitzer-wohnzimmer-couch-modern","title":{"rendered":"Mirjan24 Ferulk Ecksofa mit Schlaffunktion und Bettkasten \u2013 L-Form Schlafsofa 4-Sitzer Wohnzimmer Couch Modern"},"content":{"rendered":"<div id=\"productDescription\" class=\"a-section a-spacing-small\"><!-- show up to 2 reviews by default --><\/p>\n<p data-start=\"597\" data-end=\"888\">Das <strong data-start=\"601\" data-end=\"662\">Mirjan24 Ferulk Ecksofa mit Schlaffunktion und Bettkasten<\/strong> ist eine moderne und funktionale L\u00f6sung f\u00fcr jedes <strong data-start=\"713\" data-end=\"744\">Wohnzimmer oder G\u00e4stezimmer<\/strong>. Dieses <strong data-start=\"753\" data-end=\"777\">L-f\u00f6rmige Schlafsofa<\/strong> kombiniert elegantes Design mit praktischer Funktionalit\u00e4t und bietet gro\u00dfz\u00fcgigen Platz f\u00fcr Familie und G\u00e4ste.<\/p>\n<p data-start=\"890\" data-end=\"1138\">Dank der integrierten <strong data-start=\"912\" data-end=\"930\">Schlaffunktion<\/strong> l\u00e4sst sich die Couch schnell in eine komfortable <strong data-start=\"980\" data-end=\"996\">Schlaffl\u00e4che<\/strong> verwandeln. Der ger\u00e4umige <strong data-start=\"1023\" data-end=\"1037\">Bettkasten<\/strong> bietet zus\u00e4tzlichen Stauraum f\u00fcr Bettw\u00e4sche, Decken oder Kissen und sorgt f\u00fcr Ordnung im Wohnzimmer.<\/p>\n<p data-start=\"1140\" data-end=\"1422\">Die stabile Konstruktion aus <strong data-start=\"1169\" data-end=\"1226\">Kiefernholz, Buchenholz und hochwertigen M\u00f6belplatten<\/strong> garantiert Langlebigkeit und Stabilit\u00e4t. Die Sitzfl\u00e4che mit <strong data-start=\"1287\" data-end=\"1337\">Wellenfederung Typ A und Schaumstoffpolsterung<\/strong> sorgt f\u00fcr hohen Sitzkomfort und eine angenehme Unterst\u00fctzung beim Sitzen und Liegen.<\/p>\n<p data-start=\"1424\" data-end=\"1647\">Der R\u00fccken ist vollst\u00e4ndig gepolstert, wodurch das <strong data-start=\"1475\" data-end=\"1511\">Ecksofa frei im Raum aufgestellt<\/strong> werden kann. Die gepolsterten Armlehnen und das moderne Design machen dieses Sofa zu einem stilvollen Mittelpunkt in jedem Wohnbereich.<\/p>\n<h3 data-section-id=\"1mvdd2k\" data-start=\"1649\" data-end=\"1675\">Wichtige Eigenschaften<\/h3>\n<ul data-start=\"1677\" data-end=\"2116\">\n<li data-section-id=\"1lqurhx\" data-start=\"1677\" data-end=\"1724\">\n<p data-start=\"1679\" data-end=\"1724\"><strong data-start=\"1679\" data-end=\"1724\">Modernes Ecksofa in L-Form f\u00fcr Wohnzimmer<\/strong><\/p>\n<\/li>\n<li data-section-id=\"irf209\" data-start=\"1725\" data-end=\"1789\">\n<p data-start=\"1727\" data-end=\"1789\"><strong data-start=\"1727\" data-end=\"1789\">Mit Schlaffunktion \u2013 Sofa wird zum komfortablen Schlafsofa<\/strong><\/p>\n<\/li>\n<li data-section-id=\"66t6wo\" data-start=\"1790\" data-end=\"1839\">\n<p data-start=\"1792\" data-end=\"1839\"><strong data-start=\"1792\" data-end=\"1839\">Gro\u00dfer Bettkasten f\u00fcr zus\u00e4tzlichen Stauraum<\/strong><\/p>\n<\/li>\n<li data-section-id=\"dobizx\" data-start=\"1840\" data-end=\"1898\">\n<p data-start=\"1842\" data-end=\"1898\"><strong data-start=\"1842\" data-end=\"1898\">Stabile Konstruktion aus Massivholz und M\u00f6belplatten<\/strong><\/p>\n<\/li>\n<li data-section-id=\"1y7bvxb\" data-start=\"1899\" data-end=\"1947\">\n<p data-start=\"1901\" data-end=\"1947\"><strong data-start=\"1901\" data-end=\"1947\">Wellenfederung Typ A f\u00fcr hohen Sitzkomfort<\/strong><\/p>\n<\/li>\n<li data-section-id=\"qck01y\" data-start=\"1948\" data-end=\"2001\">\n<p data-start=\"1950\" data-end=\"2001\"><strong data-start=\"1950\" data-end=\"2001\">Freistehendes Sofa \u2013 R\u00fccken vollst\u00e4ndig bezogen<\/strong><\/p>\n<\/li>\n<li data-section-id=\"131sc8v\" data-start=\"2002\" data-end=\"2054\">\n<p data-start=\"2004\" data-end=\"2054\"><strong data-start=\"2004\" data-end=\"2054\">Gepolsterte Armlehnen f\u00fcr zus\u00e4tzlichen Komfort<\/strong><\/p>\n<\/li>\n<li data-section-id=\"2yav7n\" data-start=\"2055\" data-end=\"2116\">\n<p data-start=\"2057\" data-end=\"2116\">Ideal f\u00fcr <strong data-start=\"2067\" data-end=\"2116\">Wohnzimmer, G\u00e4stezimmer oder kleine Wohnungen<\/strong><\/p>\n<\/li>\n<\/ul>\n<h3 data-section-id=\"ynjtzk\" data-start=\"2118\" data-end=\"2126\">Ma\u00dfe<\/h3>\n<ul data-start=\"2128\" data-end=\"2228\">\n<li data-section-id=\"1t31bwp\" data-start=\"2128\" data-end=\"2150\">\n<p data-start=\"2130\" data-end=\"2150\">Breite: ca. 271 cm<\/p>\n<\/li>\n<li data-section-id=\"147b1ju\" data-start=\"2151\" data-end=\"2172\">\n<p data-start=\"2153\" data-end=\"2172\">Tiefe: ca. 212 cm<\/p>\n<\/li>\n<li data-section-id=\"vn79rq\" data-start=\"2173\" data-end=\"2193\">\n<p data-start=\"2175\" data-end=\"2193\">H\u00f6he: ca. 104 cm<\/p>\n<\/li>\n<li data-section-id=\"yow3p8\" data-start=\"2194\" data-end=\"2228\">\n<p data-start=\"2196\" data-end=\"2228\">Schlaffl\u00e4che: ca. 195 \u00d7 126 cm<\/p>\n<\/li>\n<\/ul>\n<p data-start=\"2230\" data-end=\"2263\">Alle Ma\u00dfe sind ungef\u00e4hre Angaben.<\/p>\n<h3 data-section-id=\"1eic8wt\" data-start=\"2265\" data-end=\"2276\">Montage<\/h3>\n<p data-start=\"2278\" data-end=\"2357\">Das Sofa wird geliefert und muss vom Kunden <strong data-start=\"2322\" data-end=\"2349\">einfach selbst montiert<\/strong> werden.<\/p>\n<p data-start=\"2359\" data-end=\"2513\">Dieses <strong data-start=\"2366\" data-end=\"2419\">moderne Ecksofa mit Schlaffunktion und Bettkasten<\/strong> ist ideal f\u00fcr alle, die <strong data-start=\"2444\" data-end=\"2485\">Komfort, Stauraum und modernes Design<\/strong> in einem M\u00f6belst\u00fcck suchen.<\/p>\n<\/div>\n","protected":false},"excerpt":{"rendered":"<p>Das Mirjan24 Ferulk Ecksofa mit Schlaffunktion und Bettkasten ist eine moderne und funktionale L\u00f6sung f\u00fcr jedes Wohnzimmer oder G\u00e4stezimmer. Dieses L-f\u00f6rmige Schlafsofa kombiniert elegantes Design mit praktischer Funktionalit\u00e4t und bietet gro\u00dfz\u00fcgigen Platz f\u00fcr Familie und G\u00e4ste. Dank der integrierten Schlaffunktion l\u00e4sst sich die Couch schnell in eine komfortable Schlaffl\u00e4che verwandeln. Der ger\u00e4umige Bettkasten bietet zus\u00e4tzlichen [&hellip;]<\/p>\n","protected":false},"featured_media":129,"comment_status":"open","ping_status":"closed","template":"","meta":[],"product_brand":[],"product_cat":[15],"product_tag":[21,22,23,24,25,26,27,28,29,30,31,32,33,34,35,36,37,38,39],"class_list":{"0":"post-4227","1":"product","2":"type-product","3":"status-publish","4":"has-post-thumbnail","6":"product_cat-uncategorized","7":"product_tag-designer-sofa","8":"product_tag-eckcouch","9":"product_tag-ecksofa","10":"product_tag-ecksofa-wohnzimmer","11":"product_tag-familien-sofa","12":"product_tag-grose-couch","13":"product_tag-groses-ecksofa","14":"product_tag-komfort-sofa","15":"product_tag-l-form-sofa","16":"product_tag-moderne-couch","17":"product_tag-modernes-sofa-wohnzimmer","18":"product_tag-polsterecke-wohnzimmer","19":"product_tag-sofa-fur-gastezimmer","20":"product_tag-sofa-mit-bettfunktion","21":"product_tag-sofa-mit-federung","22":"product_tag-sofa-mit-schlaffunktion","23":"product_tag-wohnlandschaft-sofa","24":"product_tag-wohnzimmer-mobel-sofa","25":"product_tag-wohnzimmer-sofa","27":"first","28":"instock","29":"taxable","30":"shipping-taxable","31":"purchasable","32":"product-type-variable","33":"has-default-attributes"},"yoast_head":"<!-- This site is optimized with the Yoast SEO plugin v27.4 - https:\/\/yoast.com\/product\/yoast-seo-wordpress\/ -->\n<title>Mirjan24 Ferulk Ecksofa mit Schlaffunktion und Bettkasten \u2013 L-Form Schlafsofa 4-Sitzer Wohnzimmer Couch Modern - mobel-mews.shop<\/title>\n<meta name=\"robots\" content=\"index, follow, max-snippet:-1, max-image-preview:large, max-video-preview:-1\" \/>\n<link rel=\"canonical\" href=\"https:\/\/mobel-mews.shop\/?product=mirjan24-ferulk-ecksofa-mit-schlaffunktion-und-bettkasten-l-form-schlafsofa-4-sitzer-wohnzimmer-couch-modern\" \/>\n<meta property=\"og:locale\" content=\"en_GB\" \/>\n<meta property=\"og:type\" content=\"article\" \/>\n<meta property=\"og:title\" content=\"Mirjan24 Ferulk Ecksofa mit Schlaffunktion und Bettkasten \u2013 L-Form Schlafsofa 4-Sitzer Wohnzimmer Couch Modern - mobel-mews.shop\" \/>\n<meta property=\"og:description\" content=\"Das Mirjan24 Ferulk Ecksofa mit Schlaffunktion und Bettkasten ist eine moderne und funktionale L\u00f6sung f\u00fcr jedes Wohnzimmer oder G\u00e4stezimmer. Dieses L-f\u00f6rmige Schlafsofa kombiniert elegantes Design mit praktischer Funktionalit\u00e4t und bietet gro\u00dfz\u00fcgigen Platz f\u00fcr Familie und G\u00e4ste. Dank der integrierten Schlaffunktion l\u00e4sst sich die Couch schnell in eine komfortable Schlaffl\u00e4che verwandeln. Der ger\u00e4umige Bettkasten bietet zus\u00e4tzlichen [&hellip;]\" \/>\n<meta property=\"og:url\" content=\"https:\/\/mobel-mews.shop\/?product=mirjan24-ferulk-ecksofa-mit-schlaffunktion-und-bettkasten-l-form-schlafsofa-4-sitzer-wohnzimmer-couch-modern\" \/>\n<meta property=\"og:site_name\" content=\"mobel-mews.shop\" \/>\n<meta property=\"article:modified_time\" content=\"2026-04-29T01:35:08+00:00\" \/>\n<meta property=\"og:image\" content=\"https:\/\/mobel-mews.shop\/wp-content\/uploads\/2026\/04\/81e9cvG050L._AC_SL1500.jpg\" \/>\n\t<meta property=\"og:image:width\" content=\"1500\" \/>\n\t<meta property=\"og:image:height\" content=\"617\" \/>\n\t<meta property=\"og:image:type\" content=\"image\/jpeg\" \/>\n<meta name=\"twitter:card\" content=\"summary_large_image\" \/>\n<meta name=\"twitter:label1\" content=\"Estimated reading time\" \/>\n\t<meta name=\"twitter:data1\" content=\"2 minutes\" \/>\n<script type=\"application\/ld+json\" class=\"yoast-schema-graph\">{\"@context\":\"https:\\\/\\\/schema.org\",\"@graph\":[{\"@type\":\"WebPage\",\"@id\":\"https:\\\/\\\/mobel-mews.shop\\\/?product=mirjan24-ferulk-ecksofa-mit-schlaffunktion-und-bettkasten-l-form-schlafsofa-4-sitzer-wohnzimmer-couch-modern\",\"url\":\"https:\\\/\\\/mobel-mews.shop\\\/?product=mirjan24-ferulk-ecksofa-mit-schlaffunktion-und-bettkasten-l-form-schlafsofa-4-sitzer-wohnzimmer-couch-modern\",\"name\":\"Mirjan24 Ferulk Ecksofa mit Schlaffunktion und Bettkasten \u2013 L-Form Schlafsofa 4-Sitzer Wohnzimmer Couch Modern - mobel-mews.shop\",\"isPartOf\":{\"@id\":\"http:\\\/\\\/mobel-mews.shop\\\/#website\"},\"primaryImageOfPage\":{\"@id\":\"https:\\\/\\\/mobel-mews.shop\\\/?product=mirjan24-ferulk-ecksofa-mit-schlaffunktion-und-bettkasten-l-form-schlafsofa-4-sitzer-wohnzimmer-couch-modern#primaryimage\"},\"image\":{\"@id\":\"https:\\\/\\\/mobel-mews.shop\\\/?product=mirjan24-ferulk-ecksofa-mit-schlaffunktion-und-bettkasten-l-form-schlafsofa-4-sitzer-wohnzimmer-couch-modern#primaryimage\"},\"thumbnailUrl\":\"https:\\\/\\\/mobel-mews.shop\\\/wp-content\\\/uploads\\\/2026\\\/04\\\/81e9cvG050L._AC_SL1500.jpg\",\"datePublished\":\"2026-04-28T17:28:04+00:00\",\"dateModified\":\"2026-04-29T01:35:08+00:00\",\"breadcrumb\":{\"@id\":\"https:\\\/\\\/mobel-mews.shop\\\/?product=mirjan24-ferulk-ecksofa-mit-schlaffunktion-und-bettkasten-l-form-schlafsofa-4-sitzer-wohnzimmer-couch-modern#breadcrumb\"},\"inLanguage\":\"en-GB\",\"potentialAction\":[{\"@type\":\"ReadAction\",\"target\":[\"https:\\\/\\\/mobel-mews.shop\\\/?product=mirjan24-ferulk-ecksofa-mit-schlaffunktion-und-bettkasten-l-form-schlafsofa-4-sitzer-wohnzimmer-couch-modern\"]}]},{\"@type\":\"ImageObject\",\"inLanguage\":\"en-GB\",\"@id\":\"https:\\\/\\\/mobel-mews.shop\\\/?product=mirjan24-ferulk-ecksofa-mit-schlaffunktion-und-bettkasten-l-form-schlafsofa-4-sitzer-wohnzimmer-couch-modern#primaryimage\",\"url\":\"https:\\\/\\\/mobel-mews.shop\\\/wp-content\\\/uploads\\\/2026\\\/04\\\/81e9cvG050L._AC_SL1500.jpg\",\"contentUrl\":\"https:\\\/\\\/mobel-mews.shop\\\/wp-content\\\/uploads\\\/2026\\\/04\\\/81e9cvG050L._AC_SL1500.jpg\",\"width\":1500,\"height\":617},{\"@type\":\"BreadcrumbList\",\"@id\":\"https:\\\/\\\/mobel-mews.shop\\\/?product=mirjan24-ferulk-ecksofa-mit-schlaffunktion-und-bettkasten-l-form-schlafsofa-4-sitzer-wohnzimmer-couch-modern#breadcrumb\",\"itemListElement\":[{\"@type\":\"ListItem\",\"position\":1,\"name\":\"Home\",\"item\":\"https:\\\/\\\/mobel-mews.shop\\\/\"},{\"@type\":\"ListItem\",\"position\":2,\"name\":\"Shop\",\"item\":\"https:\\\/\\\/mobel-mews.shop\\\/?page_id=5\"},{\"@type\":\"ListItem\",\"position\":3,\"name\":\"Mirjan24 Ferulk Ecksofa mit Schlaffunktion und Bettkasten \u2013 L-Form Schlafsofa 4-Sitzer Wohnzimmer Couch Modern\"}]},{\"@type\":\"WebSite\",\"@id\":\"http:\\\/\\\/mobel-mews.shop\\\/#website\",\"url\":\"http:\\\/\\\/mobel-mews.shop\\\/\",\"name\":\"mobel-mews.shop\",\"description\":\"\",\"potentialAction\":[{\"@type\":\"SearchAction\",\"target\":{\"@type\":\"EntryPoint\",\"urlTemplate\":\"http:\\\/\\\/mobel-mews.shop\\\/?s={search_term_string}\"},\"query-input\":{\"@type\":\"PropertyValueSpecification\",\"valueRequired\":true,\"valueName\":\"search_term_string\"}}],\"inLanguage\":\"en-GB\"}]}<\/script>\n<!-- \/ Yoast SEO plugin. -->","yoast_head_json":{"title":"Mirjan24 Ferulk Ecksofa mit Schlaffunktion und Bettkasten \u2013 L-Form Schlafsofa 4-Sitzer Wohnzimmer Couch Modern - mobel-mews.shop","robots":{"index":"index","follow":"follow","max-snippet":"max-snippet:-1","max-image-preview":"max-image-preview:large","max-video-preview":"max-video-preview:-1"},"canonical":"https:\/\/mobel-mews.shop\/?product=mirjan24-ferulk-ecksofa-mit-schlaffunktion-und-bettkasten-l-form-schlafsofa-4-sitzer-wohnzimmer-couch-modern","og_locale":"en_GB","og_type":"article","og_title":"Mirjan24 Ferulk Ecksofa mit Schlaffunktion und Bettkasten \u2013 L-Form Schlafsofa 4-Sitzer Wohnzimmer Couch Modern - mobel-mews.shop","og_description":"Das Mirjan24 Ferulk Ecksofa mit Schlaffunktion und Bettkasten ist eine moderne und funktionale L\u00f6sung f\u00fcr jedes Wohnzimmer oder G\u00e4stezimmer. Dieses L-f\u00f6rmige Schlafsofa kombiniert elegantes Design mit praktischer Funktionalit\u00e4t und bietet gro\u00dfz\u00fcgigen Platz f\u00fcr Familie und G\u00e4ste. Dank der integrierten Schlaffunktion l\u00e4sst sich die Couch schnell in eine komfortable Schlaffl\u00e4che verwandeln. Der ger\u00e4umige Bettkasten bietet zus\u00e4tzlichen [&hellip;]","og_url":"https:\/\/mobel-mews.shop\/?product=mirjan24-ferulk-ecksofa-mit-schlaffunktion-und-bettkasten-l-form-schlafsofa-4-sitzer-wohnzimmer-couch-modern","og_site_name":"mobel-mews.shop","article_modified_time":"2026-04-29T01:35:08+00:00","og_image":[{"width":1500,"height":617,"url":"https:\/\/mobel-mews.shop\/wp-content\/uploads\/2026\/04\/81e9cvG050L._AC_SL1500.jpg","type":"image\/jpeg"}],"twitter_card":"summary_large_image","twitter_misc":{"Estimated reading time":"2 minutes"},"schema":{"@context":"https:\/\/schema.org","@graph":[{"@type":"WebPage","@id":"https:\/\/mobel-mews.shop\/?product=mirjan24-ferulk-ecksofa-mit-schlaffunktion-und-bettkasten-l-form-schlafsofa-4-sitzer-wohnzimmer-couch-modern","url":"https:\/\/mobel-mews.shop\/?product=mirjan24-ferulk-ecksofa-mit-schlaffunktion-und-bettkasten-l-form-schlafsofa-4-sitzer-wohnzimmer-couch-modern","name":"Mirjan24 Ferulk Ecksofa mit Schlaffunktion und Bettkasten \u2013 L-Form Schlafsofa 4-Sitzer Wohnzimmer Couch Modern - mobel-mews.shop","isPartOf":{"@id":"http:\/\/mobel-mews.shop\/#website"},"primaryImageOfPage":{"@id":"https:\/\/mobel-mews.shop\/?product=mirjan24-ferulk-ecksofa-mit-schlaffunktion-und-bettkasten-l-form-schlafsofa-4-sitzer-wohnzimmer-couch-modern#primaryimage"},"image":{"@id":"https:\/\/mobel-mews.shop\/?product=mirjan24-ferulk-ecksofa-mit-schlaffunktion-und-bettkasten-l-form-schlafsofa-4-sitzer-wohnzimmer-couch-modern#primaryimage"},"thumbnailUrl":"https:\/\/mobel-mews.shop\/wp-content\/uploads\/2026\/04\/81e9cvG050L._AC_SL1500.jpg","datePublished":"2026-04-28T17:28:04+00:00","dateModified":"2026-04-29T01:35:08+00:00","breadcrumb":{"@id":"https:\/\/mobel-mews.shop\/?product=mirjan24-ferulk-ecksofa-mit-schlaffunktion-und-bettkasten-l-form-schlafsofa-4-sitzer-wohnzimmer-couch-modern#breadcrumb"},"inLanguage":"en-GB","potentialAction":[{"@type":"ReadAction","target":["https:\/\/mobel-mews.shop\/?product=mirjan24-ferulk-ecksofa-mit-schlaffunktion-und-bettkasten-l-form-schlafsofa-4-sitzer-wohnzimmer-couch-modern"]}]},{"@type":"ImageObject","inLanguage":"en-GB","@id":"https:\/\/mobel-mews.shop\/?product=mirjan24-ferulk-ecksofa-mit-schlaffunktion-und-bettkasten-l-form-schlafsofa-4-sitzer-wohnzimmer-couch-modern#primaryimage","url":"https:\/\/mobel-mews.shop\/wp-content\/uploads\/2026\/04\/81e9cvG050L._AC_SL1500.jpg","contentUrl":"https:\/\/mobel-mews.shop\/wp-content\/uploads\/2026\/04\/81e9cvG050L._AC_SL1500.jpg","width":1500,"height":617},{"@type":"BreadcrumbList","@id":"https:\/\/mobel-mews.shop\/?product=mirjan24-ferulk-ecksofa-mit-schlaffunktion-und-bettkasten-l-form-schlafsofa-4-sitzer-wohnzimmer-couch-modern#breadcrumb","itemListElement":[{"@type":"ListItem","position":1,"name":"Home","item":"https:\/\/mobel-mews.shop\/"},{"@type":"ListItem","position":2,"name":"Shop","item":"https:\/\/mobel-mews.shop\/?page_id=5"},{"@type":"ListItem","position":3,"name":"Mirjan24 Ferulk Ecksofa mit Schlaffunktion und Bettkasten \u2013 L-Form Schlafsofa 4-Sitzer Wohnzimmer Couch Modern"}]},{"@type":"WebSite","@id":"http:\/\/mobel-mews.shop\/#website","url":"http:\/\/mobel-mews.shop\/","name":"mobel-mews.shop","description":"","potentialAction":[{"@type":"SearchAction","target":{"@type":"EntryPoint","urlTemplate":"http:\/\/mobel-mews.shop\/?s={search_term_string}"},"query-input":{"@type":"PropertyValueSpecification","valueRequired":true,"valueName":"search_term_string"}}],"inLanguage":"en-GB"}]}},"_links":{"self":[{"href":"https:\/\/mobel-mews.shop\/index.php?rest_route=\/wp\/v2\/product\/4227","targetHints":{"allow":["GET"]}}],"collection":[{"href":"https:\/\/mobel-mews.shop\/index.php?rest_route=\/wp\/v2\/product"}],"about":[{"href":"https:\/\/mobel-mews.shop\/index.php?rest_route=\/wp\/v2\/types\/product"}],"replies":[{"embeddable":true,"href":"https:\/\/mobel-mews.shop\/index.php?rest_route=%2Fwp%2Fv2%2Fcomments&post=4227"}],"wp:featuredmedia":[{"embeddable":true,"href":"https:\/\/mobel-mews.shop\/index.php?rest_route=\/wp\/v2\/media\/129"}],"wp:attachment":[{"href":"https:\/\/mobel-mews.shop\/index.php?rest_route=%2Fwp%2Fv2%2Fmedia&parent=4227"}],"wp:term":[{"taxonomy":"product_brand","embeddable":true,"href":"https:\/\/mobel-mews.shop\/index.php?rest_route=%2Fwp%2Fv2%2Fproduct_brand&post=4227"},{"taxonomy":"product_cat","embeddable":true,"href":"https:\/\/mobel-mews.shop\/index.php?rest_route=%2Fwp%2Fv2%2Fproduct_cat&post=4227"},{"taxonomy":"product_tag","embeddable":true,"href":"https:\/\/mobel-mews.shop\/index.php?rest_route=%2Fwp%2Fv2%2Fproduct_tag&post=4227"}],"curies":[{"name":"wp","href":"https:\/\/api.w.org\/{rel}","templated":true}]}}