{"id":4161,"date":"2026-04-28T18:27:55","date_gmt":"2026-04-28T17:27:55","guid":{"rendered":"https:\/\/mobel-mews.shop\/?product=couchtisch-rund-2er-set-mit-stauraum-wohnzimmertisch-mit-holz-schubladen-walnussoptik-und-metallrahmen-moderne-kaffeetische-satztische-sofatisch-fur-wohnzimmer-schlafzimmer"},"modified":"2026-04-29T03:25:44","modified_gmt":"2026-04-29T02:25:44","slug":"couchtisch-rund-2er-set-mit-stauraum-wohnzimmertisch-mit-holz-schubladen-walnussoptik-und-metallrahmen-moderne-kaffeetische-satztische-sofatisch-fur-wohnzimmer-schlafzimmer","status":"publish","type":"product","link":"https:\/\/mobel-mews.shop\/?product=couchtisch-rund-2er-set-mit-stauraum-wohnzimmertisch-mit-holz-schubladen-walnussoptik-und-metallrahmen-moderne-kaffeetische-satztische-sofatisch-fur-wohnzimmer-schlafzimmer","title":{"rendered":"Couchtisch rund 2er Set mit Stauraum, Wohnzimmertisch mit Holz Schubladen, Walnussoptik und Metallrahmen, Moderne Kaffeetische Satztische Sofatisch f\u00fcr Wohnzimmer Schlafzimmer"},"content":{"rendered":"<p><strong>Product Overview<\/strong><\/p>\n<ul>\n<li><strong>Marke:<\/strong> Generisch<\/li>\n<li><strong>Rahmenmaterial:<\/strong> Karbonstahl<\/li>\n<li><strong>Farbe:<\/strong> Rund<\/li>\n<li><strong>Art des Obermaterials:<\/strong> Holz<\/li>\n<li><strong>Form:<\/strong> Rectangular<\/li>\n<\/ul>\n<p><strong>Product Features<\/strong><\/p>\n<ul>\n<li>Couchtische Rund 2er Set: Unser round nesting Couchtisch-Set besteht aus einem gro\u00dfen und einem kleinen Tisch. Ob im Wohnzimmer, Studio oder B\u00fcro \u2013 es eignet sich ideal als Couchtisch, Beistelltisch, Wohnzimmertisch oder Ablagetisch und erf\u00fcllt vielseitige Anforderungen im Alltag<\/li>\n<li>Platzsparender Couchtisch: Das round Couchtisch passt perfekt in jede Wohnumgebung. Dank des durchdachten Designs l\u00e4sst sich der kleinere Tisch platzsparend unter dem gr\u00f6\u00dferen verstauen. Ideal f\u00fcr kompakte Wohnr\u00e4ume oder f\u00fcr alle, die flexible Einrichtungsl\u00f6sungen suchen<\/li>\n<li>Couchtisch mit Schublade: Der Wohnzimmertisch ist mit zwei gro\u00dfz\u00fcgigen Tischplatten und einer Schublade aus Massivholz ausgestattet und bietet praktischen Stauraum f\u00fcr verschiedene Alltagsgegenst\u00e4nde \u2013 f\u00fcr ein stets ordentliches und aufger\u00e4umtes Wohnzimmer. Die abgerundeten Tischecken helfen, St\u00f6\u00dfe und Verletzungen zu vermeiden<\/li>\n<li>Hochwertiges Material: Dieser Couchtisch besteht aus hochwertigem MDF mit edler Walnuss-Optik. Die Oberfl\u00e4che ist glatt und fein verarbeitet sowie schmutzabweisend, pflegeleicht und besonders strapazierf\u00e4hig. Das stabile Gestell aus robustem Karbonstahl sorgt f\u00fcr eine hohe Standfestigkeit und ist mit verstellbaren Fu\u00dfgleitern ausgestattet<\/li>\n<li>Einfache Montage: Die Montage ist schnell und unkompliziert! Das Couchtisch-Set wird mit einer ausf\u00fchrlichen Aufbauanleitung geliefert, sodass Sie es im Handumdrehen montieren k\u00f6nnen. Bei Fragen zum Produkt steht Ihnen unser Kundenservice jederzeit gerne zur Verf\u00fcgung \u2013 kontaktieren Sie uns einfach<\/li>\n<\/ul>\n<p><strong>Product Information<\/strong><\/p>\n<table style=\"margin-bottom: 20px;\">\n<tbody>\n<tr>\n<td><strong>Verpackungsabmessungen<\/strong><\/td>\n<td>\u200e70 x 70 x 35 cm; 15 Kilogramm<\/td>\n<\/tr>\n<tr>\n<td><strong>Montage erforderlich<\/strong><\/td>\n<td>\u200eJa<\/td>\n<\/tr>\n<tr>\n<td><strong>Batterien erforderlich<\/strong><\/td>\n<td>\u200eNein<\/td>\n<\/tr>\n<tr>\n<td><strong>Enthaltene Komponenten<\/strong><\/td>\n<td>\u200eMontageanleitung<\/td>\n<\/tr>\n<tr>\n<td><strong>ASIN<\/strong><\/td>\n<td>B0GQB2PP6K<\/td>\n<\/tr>\n<tr>\n<td><strong>Modellnummer<\/strong><\/td>\n<td>66788214-RUND<\/td>\n<\/tr>\n<tr>\n<td><strong>Im Angebot von Amazon.de seit<\/strong><\/td>\n<td>26. Februar 2026<\/td>\n<\/tr>\n<tr>\n<td><strong>Amazon Bestseller-Rang<\/strong><\/td>\n<td><\/td>\n<\/tr>\n<\/tbody>\n<\/table>\n","protected":false},"excerpt":{"rendered":"<p>Product Overview Marke: Generisch Rahmenmaterial: Karbonstahl Farbe: Rund Art des Obermaterials: Holz Form: Rectangular Product Features Couchtische Rund 2er Set: Unser round nesting Couchtisch-Set besteht aus einem gro\u00dfen und einem kleinen Tisch. Ob im Wohnzimmer, Studio oder B\u00fcro \u2013 es eignet sich ideal als Couchtisch, Beistelltisch, Wohnzimmertisch oder Ablagetisch und erf\u00fcllt vielseitige Anforderungen im Alltag [&hellip;]<\/p>\n","protected":false},"featured_media":59,"comment_status":"open","ping_status":"closed","template":"","meta":[],"product_brand":[],"product_cat":[15],"product_tag":[],"class_list":{"0":"post-4161","1":"product","2":"type-product","3":"status-publish","4":"has-post-thumbnail","6":"product_cat-uncategorized","8":"first","9":"instock","10":"taxable","11":"shipping-taxable","12":"purchasable","13":"product-type-variable","14":"has-default-attributes"},"yoast_head":"<!-- This site is optimized with the Yoast SEO plugin v27.4 - https:\/\/yoast.com\/product\/yoast-seo-wordpress\/ -->\n<title>Couchtisch rund 2er Set mit Stauraum, Wohnzimmertisch mit Holz Schubladen, Walnussoptik und Metallrahmen, Moderne Kaffeetische Satztische Sofatisch f\u00fcr Wohnzimmer Schlafzimmer - mobel-mews.shop<\/title>\n<meta name=\"robots\" content=\"index, follow, max-snippet:-1, max-image-preview:large, max-video-preview:-1\" \/>\n<link rel=\"canonical\" href=\"https:\/\/mobel-mews.shop\/?product=couchtisch-rund-2er-set-mit-stauraum-wohnzimmertisch-mit-holz-schubladen-walnussoptik-und-metallrahmen-moderne-kaffeetische-satztische-sofatisch-fur-wohnzimmer-schlafzimmer\" \/>\n<meta property=\"og:locale\" content=\"en_GB\" \/>\n<meta property=\"og:type\" content=\"article\" \/>\n<meta property=\"og:title\" content=\"Couchtisch rund 2er Set mit Stauraum, Wohnzimmertisch mit Holz Schubladen, Walnussoptik und Metallrahmen, Moderne Kaffeetische Satztische Sofatisch f\u00fcr Wohnzimmer Schlafzimmer - mobel-mews.shop\" \/>\n<meta property=\"og:description\" content=\"Product Overview Marke: Generisch Rahmenmaterial: Karbonstahl Farbe: Rund Art des Obermaterials: Holz Form: Rectangular Product Features Couchtische Rund 2er Set: Unser round nesting Couchtisch-Set besteht aus einem gro\u00dfen und einem kleinen Tisch. Ob im Wohnzimmer, Studio oder B\u00fcro \u2013 es eignet sich ideal als Couchtisch, Beistelltisch, Wohnzimmertisch oder Ablagetisch und erf\u00fcllt vielseitige Anforderungen im Alltag [&hellip;]\" \/>\n<meta property=\"og:url\" content=\"https:\/\/mobel-mews.shop\/?product=couchtisch-rund-2er-set-mit-stauraum-wohnzimmertisch-mit-holz-schubladen-walnussoptik-und-metallrahmen-moderne-kaffeetische-satztische-sofatisch-fur-wohnzimmer-schlafzimmer\" \/>\n<meta property=\"og:site_name\" content=\"mobel-mews.shop\" \/>\n<meta property=\"article:modified_time\" content=\"2026-04-29T02:25:44+00:00\" \/>\n<meta property=\"og:image\" content=\"https:\/\/mobel-mews.shop\/wp-content\/uploads\/2026\/04\/61lZ8GkBeBL._AC_SL1500.jpg\" \/>\n\t<meta property=\"og:image:width\" content=\"1499\" \/>\n\t<meta property=\"og:image:height\" content=\"859\" \/>\n\t<meta property=\"og:image:type\" content=\"image\/jpeg\" \/>\n<meta name=\"twitter:card\" content=\"summary_large_image\" \/>\n<meta name=\"twitter:label1\" content=\"Estimated reading time\" \/>\n\t<meta name=\"twitter:data1\" content=\"2 minutes\" \/>\n<script type=\"application\/ld+json\" class=\"yoast-schema-graph\">{\"@context\":\"https:\\\/\\\/schema.org\",\"@graph\":[{\"@type\":\"WebPage\",\"@id\":\"https:\\\/\\\/mobel-mews.shop\\\/?product=couchtisch-rund-2er-set-mit-stauraum-wohnzimmertisch-mit-holz-schubladen-walnussoptik-und-metallrahmen-moderne-kaffeetische-satztische-sofatisch-fur-wohnzimmer-schlafzimmer\",\"url\":\"https:\\\/\\\/mobel-mews.shop\\\/?product=couchtisch-rund-2er-set-mit-stauraum-wohnzimmertisch-mit-holz-schubladen-walnussoptik-und-metallrahmen-moderne-kaffeetische-satztische-sofatisch-fur-wohnzimmer-schlafzimmer\",\"name\":\"Couchtisch rund 2er Set mit Stauraum, Wohnzimmertisch mit Holz Schubladen, Walnussoptik und Metallrahmen, Moderne Kaffeetische Satztische Sofatisch f\u00fcr Wohnzimmer Schlafzimmer - mobel-mews.shop\",\"isPartOf\":{\"@id\":\"http:\\\/\\\/mobel-mews.shop\\\/#website\"},\"primaryImageOfPage\":{\"@id\":\"https:\\\/\\\/mobel-mews.shop\\\/?product=couchtisch-rund-2er-set-mit-stauraum-wohnzimmertisch-mit-holz-schubladen-walnussoptik-und-metallrahmen-moderne-kaffeetische-satztische-sofatisch-fur-wohnzimmer-schlafzimmer#primaryimage\"},\"image\":{\"@id\":\"https:\\\/\\\/mobel-mews.shop\\\/?product=couchtisch-rund-2er-set-mit-stauraum-wohnzimmertisch-mit-holz-schubladen-walnussoptik-und-metallrahmen-moderne-kaffeetische-satztische-sofatisch-fur-wohnzimmer-schlafzimmer#primaryimage\"},\"thumbnailUrl\":\"https:\\\/\\\/mobel-mews.shop\\\/wp-content\\\/uploads\\\/2026\\\/04\\\/61lZ8GkBeBL._AC_SL1500.jpg\",\"datePublished\":\"2026-04-28T17:27:55+00:00\",\"dateModified\":\"2026-04-29T02:25:44+00:00\",\"breadcrumb\":{\"@id\":\"https:\\\/\\\/mobel-mews.shop\\\/?product=couchtisch-rund-2er-set-mit-stauraum-wohnzimmertisch-mit-holz-schubladen-walnussoptik-und-metallrahmen-moderne-kaffeetische-satztische-sofatisch-fur-wohnzimmer-schlafzimmer#breadcrumb\"},\"inLanguage\":\"en-GB\",\"potentialAction\":[{\"@type\":\"ReadAction\",\"target\":[\"https:\\\/\\\/mobel-mews.shop\\\/?product=couchtisch-rund-2er-set-mit-stauraum-wohnzimmertisch-mit-holz-schubladen-walnussoptik-und-metallrahmen-moderne-kaffeetische-satztische-sofatisch-fur-wohnzimmer-schlafzimmer\"]}]},{\"@type\":\"ImageObject\",\"inLanguage\":\"en-GB\",\"@id\":\"https:\\\/\\\/mobel-mews.shop\\\/?product=couchtisch-rund-2er-set-mit-stauraum-wohnzimmertisch-mit-holz-schubladen-walnussoptik-und-metallrahmen-moderne-kaffeetische-satztische-sofatisch-fur-wohnzimmer-schlafzimmer#primaryimage\",\"url\":\"https:\\\/\\\/mobel-mews.shop\\\/wp-content\\\/uploads\\\/2026\\\/04\\\/61lZ8GkBeBL._AC_SL1500.jpg\",\"contentUrl\":\"https:\\\/\\\/mobel-mews.shop\\\/wp-content\\\/uploads\\\/2026\\\/04\\\/61lZ8GkBeBL._AC_SL1500.jpg\",\"width\":1499,\"height\":859},{\"@type\":\"BreadcrumbList\",\"@id\":\"https:\\\/\\\/mobel-mews.shop\\\/?product=couchtisch-rund-2er-set-mit-stauraum-wohnzimmertisch-mit-holz-schubladen-walnussoptik-und-metallrahmen-moderne-kaffeetische-satztische-sofatisch-fur-wohnzimmer-schlafzimmer#breadcrumb\",\"itemListElement\":[{\"@type\":\"ListItem\",\"position\":1,\"name\":\"Home\",\"item\":\"https:\\\/\\\/mobel-mews.shop\\\/\"},{\"@type\":\"ListItem\",\"position\":2,\"name\":\"Shop\",\"item\":\"https:\\\/\\\/mobel-mews.shop\\\/?page_id=5\"},{\"@type\":\"ListItem\",\"position\":3,\"name\":\"Couchtisch rund 2er Set mit Stauraum, Wohnzimmertisch mit Holz Schubladen, Walnussoptik und Metallrahmen, Moderne Kaffeetische Satztische Sofatisch f\u00fcr Wohnzimmer Schlafzimmer\"}]},{\"@type\":\"WebSite\",\"@id\":\"http:\\\/\\\/mobel-mews.shop\\\/#website\",\"url\":\"http:\\\/\\\/mobel-mews.shop\\\/\",\"name\":\"mobel-mews.shop\",\"description\":\"\",\"potentialAction\":[{\"@type\":\"SearchAction\",\"target\":{\"@type\":\"EntryPoint\",\"urlTemplate\":\"http:\\\/\\\/mobel-mews.shop\\\/?s={search_term_string}\"},\"query-input\":{\"@type\":\"PropertyValueSpecification\",\"valueRequired\":true,\"valueName\":\"search_term_string\"}}],\"inLanguage\":\"en-GB\"}]}<\/script>\n<!-- \/ Yoast SEO plugin. -->","yoast_head_json":{"title":"Couchtisch rund 2er Set mit Stauraum, Wohnzimmertisch mit Holz Schubladen, Walnussoptik und Metallrahmen, Moderne Kaffeetische Satztische Sofatisch f\u00fcr Wohnzimmer Schlafzimmer - mobel-mews.shop","robots":{"index":"index","follow":"follow","max-snippet":"max-snippet:-1","max-image-preview":"max-image-preview:large","max-video-preview":"max-video-preview:-1"},"canonical":"https:\/\/mobel-mews.shop\/?product=couchtisch-rund-2er-set-mit-stauraum-wohnzimmertisch-mit-holz-schubladen-walnussoptik-und-metallrahmen-moderne-kaffeetische-satztische-sofatisch-fur-wohnzimmer-schlafzimmer","og_locale":"en_GB","og_type":"article","og_title":"Couchtisch rund 2er Set mit Stauraum, Wohnzimmertisch mit Holz Schubladen, Walnussoptik und Metallrahmen, Moderne Kaffeetische Satztische Sofatisch f\u00fcr Wohnzimmer Schlafzimmer - mobel-mews.shop","og_description":"Product Overview Marke: Generisch Rahmenmaterial: Karbonstahl Farbe: Rund Art des Obermaterials: Holz Form: Rectangular Product Features Couchtische Rund 2er Set: Unser round nesting Couchtisch-Set besteht aus einem gro\u00dfen und einem kleinen Tisch. Ob im Wohnzimmer, Studio oder B\u00fcro \u2013 es eignet sich ideal als Couchtisch, Beistelltisch, Wohnzimmertisch oder Ablagetisch und erf\u00fcllt vielseitige Anforderungen im Alltag [&hellip;]","og_url":"https:\/\/mobel-mews.shop\/?product=couchtisch-rund-2er-set-mit-stauraum-wohnzimmertisch-mit-holz-schubladen-walnussoptik-und-metallrahmen-moderne-kaffeetische-satztische-sofatisch-fur-wohnzimmer-schlafzimmer","og_site_name":"mobel-mews.shop","article_modified_time":"2026-04-29T02:25:44+00:00","og_image":[{"width":1499,"height":859,"url":"https:\/\/mobel-mews.shop\/wp-content\/uploads\/2026\/04\/61lZ8GkBeBL._AC_SL1500.jpg","type":"image\/jpeg"}],"twitter_card":"summary_large_image","twitter_misc":{"Estimated reading time":"2 minutes"},"schema":{"@context":"https:\/\/schema.org","@graph":[{"@type":"WebPage","@id":"https:\/\/mobel-mews.shop\/?product=couchtisch-rund-2er-set-mit-stauraum-wohnzimmertisch-mit-holz-schubladen-walnussoptik-und-metallrahmen-moderne-kaffeetische-satztische-sofatisch-fur-wohnzimmer-schlafzimmer","url":"https:\/\/mobel-mews.shop\/?product=couchtisch-rund-2er-set-mit-stauraum-wohnzimmertisch-mit-holz-schubladen-walnussoptik-und-metallrahmen-moderne-kaffeetische-satztische-sofatisch-fur-wohnzimmer-schlafzimmer","name":"Couchtisch rund 2er Set mit Stauraum, Wohnzimmertisch mit Holz Schubladen, Walnussoptik und Metallrahmen, Moderne Kaffeetische Satztische Sofatisch f\u00fcr Wohnzimmer Schlafzimmer - mobel-mews.shop","isPartOf":{"@id":"http:\/\/mobel-mews.shop\/#website"},"primaryImageOfPage":{"@id":"https:\/\/mobel-mews.shop\/?product=couchtisch-rund-2er-set-mit-stauraum-wohnzimmertisch-mit-holz-schubladen-walnussoptik-und-metallrahmen-moderne-kaffeetische-satztische-sofatisch-fur-wohnzimmer-schlafzimmer#primaryimage"},"image":{"@id":"https:\/\/mobel-mews.shop\/?product=couchtisch-rund-2er-set-mit-stauraum-wohnzimmertisch-mit-holz-schubladen-walnussoptik-und-metallrahmen-moderne-kaffeetische-satztische-sofatisch-fur-wohnzimmer-schlafzimmer#primaryimage"},"thumbnailUrl":"https:\/\/mobel-mews.shop\/wp-content\/uploads\/2026\/04\/61lZ8GkBeBL._AC_SL1500.jpg","datePublished":"2026-04-28T17:27:55+00:00","dateModified":"2026-04-29T02:25:44+00:00","breadcrumb":{"@id":"https:\/\/mobel-mews.shop\/?product=couchtisch-rund-2er-set-mit-stauraum-wohnzimmertisch-mit-holz-schubladen-walnussoptik-und-metallrahmen-moderne-kaffeetische-satztische-sofatisch-fur-wohnzimmer-schlafzimmer#breadcrumb"},"inLanguage":"en-GB","potentialAction":[{"@type":"ReadAction","target":["https:\/\/mobel-mews.shop\/?product=couchtisch-rund-2er-set-mit-stauraum-wohnzimmertisch-mit-holz-schubladen-walnussoptik-und-metallrahmen-moderne-kaffeetische-satztische-sofatisch-fur-wohnzimmer-schlafzimmer"]}]},{"@type":"ImageObject","inLanguage":"en-GB","@id":"https:\/\/mobel-mews.shop\/?product=couchtisch-rund-2er-set-mit-stauraum-wohnzimmertisch-mit-holz-schubladen-walnussoptik-und-metallrahmen-moderne-kaffeetische-satztische-sofatisch-fur-wohnzimmer-schlafzimmer#primaryimage","url":"https:\/\/mobel-mews.shop\/wp-content\/uploads\/2026\/04\/61lZ8GkBeBL._AC_SL1500.jpg","contentUrl":"https:\/\/mobel-mews.shop\/wp-content\/uploads\/2026\/04\/61lZ8GkBeBL._AC_SL1500.jpg","width":1499,"height":859},{"@type":"BreadcrumbList","@id":"https:\/\/mobel-mews.shop\/?product=couchtisch-rund-2er-set-mit-stauraum-wohnzimmertisch-mit-holz-schubladen-walnussoptik-und-metallrahmen-moderne-kaffeetische-satztische-sofatisch-fur-wohnzimmer-schlafzimmer#breadcrumb","itemListElement":[{"@type":"ListItem","position":1,"name":"Home","item":"https:\/\/mobel-mews.shop\/"},{"@type":"ListItem","position":2,"name":"Shop","item":"https:\/\/mobel-mews.shop\/?page_id=5"},{"@type":"ListItem","position":3,"name":"Couchtisch rund 2er Set mit Stauraum, Wohnzimmertisch mit Holz Schubladen, Walnussoptik und Metallrahmen, Moderne Kaffeetische Satztische Sofatisch f\u00fcr Wohnzimmer Schlafzimmer"}]},{"@type":"WebSite","@id":"http:\/\/mobel-mews.shop\/#website","url":"http:\/\/mobel-mews.shop\/","name":"mobel-mews.shop","description":"","potentialAction":[{"@type":"SearchAction","target":{"@type":"EntryPoint","urlTemplate":"http:\/\/mobel-mews.shop\/?s={search_term_string}"},"query-input":{"@type":"PropertyValueSpecification","valueRequired":true,"valueName":"search_term_string"}}],"inLanguage":"en-GB"}]}},"_links":{"self":[{"href":"https:\/\/mobel-mews.shop\/index.php?rest_route=\/wp\/v2\/product\/4161","targetHints":{"allow":["GET"]}}],"collection":[{"href":"https:\/\/mobel-mews.shop\/index.php?rest_route=\/wp\/v2\/product"}],"about":[{"href":"https:\/\/mobel-mews.shop\/index.php?rest_route=\/wp\/v2\/types\/product"}],"replies":[{"embeddable":true,"href":"https:\/\/mobel-mews.shop\/index.php?rest_route=%2Fwp%2Fv2%2Fcomments&post=4161"}],"wp:featuredmedia":[{"embeddable":true,"href":"https:\/\/mobel-mews.shop\/index.php?rest_route=\/wp\/v2\/media\/59"}],"wp:attachment":[{"href":"https:\/\/mobel-mews.shop\/index.php?rest_route=%2Fwp%2Fv2%2Fmedia&parent=4161"}],"wp:term":[{"taxonomy":"product_brand","embeddable":true,"href":"https:\/\/mobel-mews.shop\/index.php?rest_route=%2Fwp%2Fv2%2Fproduct_brand&post=4161"},{"taxonomy":"product_cat","embeddable":true,"href":"https:\/\/mobel-mews.shop\/index.php?rest_route=%2Fwp%2Fv2%2Fproduct_cat&post=4161"},{"taxonomy":"product_tag","embeddable":true,"href":"https:\/\/mobel-mews.shop\/index.php?rest_route=%2Fwp%2Fv2%2Fproduct_tag&post=4161"}],"curies":[{"name":"wp","href":"https:\/\/api.w.org\/{rel}","templated":true}]}}